{"id":2480,"date":"2019-01-31T12:16:47","date_gmt":"2019-01-31T12:16:47","guid":{"rendered":"http:\/\/schlosshalbturn.com\/?page_id=2480"},"modified":"2019-01-31T12:16:47","modified_gmt":"2019-01-31T12:16:47","slug":"wein","status":"publish","type":"page","link":"https:\/\/schlosshalbturn.com\/en\/wein\/","title":{"rendered":"Wein"},"content":{"rendered":"\n<div style=\"height:30px\" aria-hidden=\"true\" class=\"wp-block-spacer\"><\/div>\n\n\n\n<figure class=\"wp-block-pullquote is-style-solid-color\"><blockquote><p>Qualit\u00e4t kennt keine Kompromisse <\/p><cite>Graf Markus K\u00f6nigsegg-Aulendorf<\/cite><\/blockquote><\/figure>\n\n\n\n<div class=\"wp-block-image\"><figure class=\"alignright\"><span class=\"image-container wp-image-3593\"><img data-recalc-dims=\"1\" decoding=\"async\" src=\"https:\/\/i0.wp.com\/www.schlosshalbturn.com\/wp-content\/uploads\/6.Weingut\/weingut1.jpg?w=640&#038;ssl=1\" alt=\"weingut\" class=\"wp-image-3593\"\/><\/span><\/figure><\/div>\n\n\n\n<p>Das Weingut Schloss Halbturn hat sich in den letzten Jahrzehnten als eines der Spitzenweing\u00fcter des Landes etablieren k\u00f6nnen.<\/p>\n\n\n\n<p>Weinverkauf Ab Hof oder im Web Shop, F\u00fchrungen durch wohl den sch\u00f6nsten Keller des Landes, Weinverkostungen \u2013 alles ist m\u00f6glich.<\/p>\n\n\n\n<p>Besuchen Sie die Homepage des Weingutes und erfahren Sie mehr<br> <a rel=\"noreferrer noopener\" href=\"https:\/\/www.weingut-schlosshalbturn.com\/\" target=\"_blank\">weingut-schlosshalbturn.com<\/a><\/p>\n","protected":false},"excerpt":{"rendered":"<p>Qualit\u00e4t kennt keine Kompromisse Graf Markus K\u00f6nigsegg-Aulendorf Das Weingut Schloss Halbturn hat sich in den letzten Jahrzehnten als eines der Spitzenweing\u00fcter des Landes etablieren k\u00f6nnen. Weinverkauf Ab Hof oder im Web Shop, F\u00fchrungen durch wohl den sch\u00f6nsten Keller des Landes, Weinverkostungen \u2013 alles ist m\u00f6glich. Besuchen Sie die Homepage des Weingutes und erfahren Sie mehr weingut-schlosshalbturn.com<\/p>\n","protected":false},"author":2,"featured_media":2250,"parent":0,"menu_order":0,"comment_status":"closed","ping_status":"closed","template":"template-full.php","meta":{"footnotes":""},"class_list":["post-2480","page","type-page","status-publish","has-post-thumbnail","hentry"],"yoast_head":"<!-- This site is optimized with the Yoast SEO plugin v27.5 - https:\/\/yoast.com\/product\/yoast-seo-wordpress\/ -->\n<title>Wein - Schloss Halbturn<\/title>\n<meta name=\"robots\" content=\"index, follow, max-snippet:-1, max-image-preview:large, max-video-preview:-1\" \/>\n<link rel=\"canonical\" href=\"https:\/\/schlosshalbturn.com\/en\/wein\/\" \/>\n<meta property=\"og:locale\" content=\"en_US\" \/>\n<meta property=\"og:type\" content=\"article\" \/>\n<meta property=\"og:title\" content=\"Wein - Schloss Halbturn\" \/>\n<meta property=\"og:description\" content=\"Qualit\u00e4t kennt keine Kompromisse Graf Markus K\u00f6nigsegg-Aulendorf Das Weingut Schloss Halbturn hat sich in den letzten Jahrzehnten als eines der Spitzenweing\u00fcter des Landes etablieren k\u00f6nnen. Weinverkauf Ab Hof oder im Web Shop, F\u00fchrungen durch wohl den sch\u00f6nsten Keller des Landes, Weinverkostungen \u2013 alles ist m\u00f6glich. Besuchen Sie die Homepage des Weingutes und erfahren Sie mehr weingut-schlosshalbturn.com\" \/>\n<meta property=\"og:url\" content=\"https:\/\/schlosshalbturn.com\/en\/wein\/\" \/>\n<meta property=\"og:site_name\" content=\"Schloss Halbturn\" \/>\n<meta property=\"og:image\" content=\"https:\/\/schlosshalbturn.com\/wp-content\/uploads\/2019\/01\/Header-1024x512.jpg\" \/>\n\t<meta property=\"og:image:width\" content=\"1024\" \/>\n\t<meta property=\"og:image:height\" content=\"512\" \/>\n\t<meta property=\"og:image:type\" content=\"image\/jpeg\" \/>\n<meta name=\"twitter:card\" content=\"summary_large_image\" \/>\n<script type=\"application\/ld+json\" class=\"yoast-schema-graph\">{\"@context\":\"https:\\\/\\\/schema.org\",\"@graph\":[{\"@type\":\"WebPage\",\"@id\":\"https:\\\/\\\/schlosshalbturn.com\\\/en\\\/wein\\\/\",\"url\":\"https:\\\/\\\/schlosshalbturn.com\\\/en\\\/wein\\\/\",\"name\":\"Wein - Schloss Halbturn\",\"isPartOf\":{\"@id\":\"https:\\\/\\\/schlosshalbturn.com\\\/#website\"},\"primaryImageOfPage\":{\"@id\":\"https:\\\/\\\/schlosshalbturn.com\\\/en\\\/wein\\\/#primaryimage\"},\"image\":{\"@id\":\"https:\\\/\\\/schlosshalbturn.com\\\/en\\\/wein\\\/#primaryimage\"},\"thumbnailUrl\":\"https:\\\/\\\/i0.wp.com\\\/schlosshalbturn.com\\\/wp-content\\\/uploads\\\/2019\\\/01\\\/Header.jpg?fit=3000%2C1500&ssl=1\",\"datePublished\":\"2019-01-31T12:16:47+00:00\",\"breadcrumb\":{\"@id\":\"https:\\\/\\\/schlosshalbturn.com\\\/en\\\/wein\\\/#breadcrumb\"},\"inLanguage\":\"en-US\",\"potentialAction\":[{\"@type\":\"ReadAction\",\"target\":[\"https:\\\/\\\/schlosshalbturn.com\\\/en\\\/wein\\\/\"]}]},{\"@type\":\"ImageObject\",\"inLanguage\":\"en-US\",\"@id\":\"https:\\\/\\\/schlosshalbturn.com\\\/en\\\/wein\\\/#primaryimage\",\"url\":\"https:\\\/\\\/i0.wp.com\\\/schlosshalbturn.com\\\/wp-content\\\/uploads\\\/2019\\\/01\\\/Header.jpg?fit=3000%2C1500&ssl=1\",\"contentUrl\":\"https:\\\/\\\/i0.wp.com\\\/schlosshalbturn.com\\\/wp-content\\\/uploads\\\/2019\\\/01\\\/Header.jpg?fit=3000%2C1500&ssl=1\",\"width\":3000,\"height\":1500},{\"@type\":\"BreadcrumbList\",\"@id\":\"https:\\\/\\\/schlosshalbturn.com\\\/en\\\/wein\\\/#breadcrumb\",\"itemListElement\":[{\"@type\":\"ListItem\",\"position\":1,\"name\":\"Startseite\",\"item\":\"https:\\\/\\\/schlosshalbturn.com\\\/en\\\/\"},{\"@type\":\"ListItem\",\"position\":2,\"name\":\"Wein\"}]},{\"@type\":\"WebSite\",\"@id\":\"https:\\\/\\\/schlosshalbturn.com\\\/#website\",\"url\":\"https:\\\/\\\/schlosshalbturn.com\\\/\",\"name\":\"Schloss Halbturn\",\"description\":\"\",\"potentialAction\":[{\"@type\":\"SearchAction\",\"target\":{\"@type\":\"EntryPoint\",\"urlTemplate\":\"https:\\\/\\\/schlosshalbturn.com\\\/?s={search_term_string}\"},\"query-input\":{\"@type\":\"PropertyValueSpecification\",\"valueRequired\":true,\"valueName\":\"search_term_string\"}}],\"inLanguage\":\"en-US\"}]}<\/script>\n<!-- \/ Yoast SEO plugin. -->","yoast_head_json":{"title":"Wein - Schloss Halbturn","robots":{"index":"index","follow":"follow","max-snippet":"max-snippet:-1","max-image-preview":"max-image-preview:large","max-video-preview":"max-video-preview:-1"},"canonical":"https:\/\/schlosshalbturn.com\/en\/wein\/","og_locale":"en_US","og_type":"article","og_title":"Wein - Schloss Halbturn","og_description":"Qualit\u00e4t kennt keine Kompromisse Graf Markus K\u00f6nigsegg-Aulendorf Das Weingut Schloss Halbturn hat sich in den letzten Jahrzehnten als eines der Spitzenweing\u00fcter des Landes etablieren k\u00f6nnen. Weinverkauf Ab Hof oder im Web Shop, F\u00fchrungen durch wohl den sch\u00f6nsten Keller des Landes, Weinverkostungen \u2013 alles ist m\u00f6glich. Besuchen Sie die Homepage des Weingutes und erfahren Sie mehr weingut-schlosshalbturn.com","og_url":"https:\/\/schlosshalbturn.com\/en\/wein\/","og_site_name":"Schloss Halbturn","og_image":[{"width":1024,"height":512,"url":"https:\/\/schlosshalbturn.com\/wp-content\/uploads\/2019\/01\/Header-1024x512.jpg","type":"image\/jpeg"}],"twitter_card":"summary_large_image","schema":{"@context":"https:\/\/schema.org","@graph":[{"@type":"WebPage","@id":"https:\/\/schlosshalbturn.com\/en\/wein\/","url":"https:\/\/schlosshalbturn.com\/en\/wein\/","name":"Wein - Schloss Halbturn","isPartOf":{"@id":"https:\/\/schlosshalbturn.com\/#website"},"primaryImageOfPage":{"@id":"https:\/\/schlosshalbturn.com\/en\/wein\/#primaryimage"},"image":{"@id":"https:\/\/schlosshalbturn.com\/en\/wein\/#primaryimage"},"thumbnailUrl":"https:\/\/i0.wp.com\/schlosshalbturn.com\/wp-content\/uploads\/2019\/01\/Header.jpg?fit=3000%2C1500&ssl=1","datePublished":"2019-01-31T12:16:47+00:00","breadcrumb":{"@id":"https:\/\/schlosshalbturn.com\/en\/wein\/#breadcrumb"},"inLanguage":"en-US","potentialAction":[{"@type":"ReadAction","target":["https:\/\/schlosshalbturn.com\/en\/wein\/"]}]},{"@type":"ImageObject","inLanguage":"en-US","@id":"https:\/\/schlosshalbturn.com\/en\/wein\/#primaryimage","url":"https:\/\/i0.wp.com\/schlosshalbturn.com\/wp-content\/uploads\/2019\/01\/Header.jpg?fit=3000%2C1500&ssl=1","contentUrl":"https:\/\/i0.wp.com\/schlosshalbturn.com\/wp-content\/uploads\/2019\/01\/Header.jpg?fit=3000%2C1500&ssl=1","width":3000,"height":1500},{"@type":"BreadcrumbList","@id":"https:\/\/schlosshalbturn.com\/en\/wein\/#breadcrumb","itemListElement":[{"@type":"ListItem","position":1,"name":"Startseite","item":"https:\/\/schlosshalbturn.com\/en\/"},{"@type":"ListItem","position":2,"name":"Wein"}]},{"@type":"WebSite","@id":"https:\/\/schlosshalbturn.com\/#website","url":"https:\/\/schlosshalbturn.com\/","name":"Schloss Halbturn","description":"","potentialAction":[{"@type":"SearchAction","target":{"@type":"EntryPoint","urlTemplate":"https:\/\/schlosshalbturn.com\/?s={search_term_string}"},"query-input":{"@type":"PropertyValueSpecification","valueRequired":true,"valueName":"search_term_string"}}],"inLanguage":"en-US"}]}},"jetpack_sharing_enabled":true,"jetpack_shortlink":"https:\/\/wp.me\/Pb6NRs-E0","jetpack-related-posts":[{"id":378,"url":"https:\/\/schlosshalbturn.com\/wein\/","url_meta":{"origin":2480,"position":0},"title":"Wein","author":"Beatrix Lehner","date":"January 31, 2019","format":false,"excerpt":"Qualit\u00e4t kennt keine Kompromisse Graf Markus K\u00f6nigsegg-Aulendorf Das Weingut Schloss Halbturn hat sich in den letzten Jahrzehnten als eines der Spitzenweing\u00fcter des Landes etablieren k\u00f6nnen. Weinverkauf Ab Hof oder im Web Shop, F\u00fchrungen durch wohl den sch\u00f6nsten Keller des Landes, Weinverkostungen \u2013 alles ist m\u00f6glich. Besuchen Sie die Homepage des\u2026","rel":"","context":"Similar post","block_context":{"text":"Similar post","link":""},"img":{"alt_text":"","src":"https:\/\/i0.wp.com\/schlosshalbturn.com\/wp-content\/uploads\/2019\/01\/Header.jpg?fit=1200%2C600&ssl=1&resize=350%2C200","width":350,"height":200,"srcset":"https:\/\/i0.wp.com\/schlosshalbturn.com\/wp-content\/uploads\/2019\/01\/Header.jpg?fit=1200%2C600&ssl=1&resize=350%2C200 1x, https:\/\/i0.wp.com\/schlosshalbturn.com\/wp-content\/uploads\/2019\/01\/Header.jpg?fit=1200%2C600&ssl=1&resize=525%2C300 1.5x, https:\/\/i0.wp.com\/schlosshalbturn.com\/wp-content\/uploads\/2019\/01\/Header.jpg?fit=1200%2C600&ssl=1&resize=700%2C400 2x, https:\/\/i0.wp.com\/schlosshalbturn.com\/wp-content\/uploads\/2019\/01\/Header.jpg?fit=1200%2C600&ssl=1&resize=1050%2C600 3x"},"classes":[]},{"id":67,"url":"https:\/\/schlosshalbturn.com\/seminare\/","url_meta":{"origin":2480,"position":1},"title":"Seminare","author":"Beatrix Lehner","date":"January 16, 2019","format":false,"excerpt":"Tagen abseits von Hektik & L\u00e4rm Zwei Seminarr\u00e4ume f\u00fcr maximal 20 Personen auf 49 bzw. 29 qm und kompletter technischer Ausstattung (Beamer, Overhead, Flipchart, Pinw\u00e4nde, TV-Ger\u00e4t, 16er switch ISDN) bilden den professionellen Rahmen f\u00fcr Ihre Tagungen, Fortbildungen, Meetings und Seminare aller Art auf Schloss Halbturn. Das Catering wird flexibel auf\u2026","rel":"","context":"Similar post","block_context":{"text":"Similar post","link":""},"img":{"alt_text":"","src":"https:\/\/i0.wp.com\/schlosshalbturn.com\/wp-content\/uploads\/2019\/01\/Header.jpg?fit=1200%2C600&ssl=1&resize=350%2C200","width":350,"height":200,"srcset":"https:\/\/i0.wp.com\/schlosshalbturn.com\/wp-content\/uploads\/2019\/01\/Header.jpg?fit=1200%2C600&ssl=1&resize=350%2C200 1x, https:\/\/i0.wp.com\/schlosshalbturn.com\/wp-content\/uploads\/2019\/01\/Header.jpg?fit=1200%2C600&ssl=1&resize=525%2C300 1.5x, https:\/\/i0.wp.com\/schlosshalbturn.com\/wp-content\/uploads\/2019\/01\/Header.jpg?fit=1200%2C600&ssl=1&resize=700%2C400 2x, https:\/\/i0.wp.com\/schlosshalbturn.com\/wp-content\/uploads\/2019\/01\/Header.jpg?fit=1200%2C600&ssl=1&resize=1050%2C600 3x"},"classes":[]},{"id":51,"url":"https:\/\/schlosshalbturn.com\/weihnachtsmarkt\/","url_meta":{"origin":2480,"position":2},"title":"Weihnachtsmarkt","author":"Beatrix Lehner","date":"January 16, 2019","format":false,"excerpt":"Pannonischer Weihnachtsmarkt Ein Fest f\u00fcr die ganze Familie mit Punsch, K\u00f6stlichkeiten und weihnachtlichem Programm 4.\/5.\/6. Dezember & 11.\/12.\/13. Dezember 2026 jeweils 13-19 Uhrfreier Eintritt \u00c4nderungen vorbehalten! Der stimmungsvolle Pannonische Weihnachtsmarkt \u00f6ffnet auch dieses Jahr wieder seine Tore. An zwei Adventswochenenden l\u00e4dt er dazu ein, die vorweihnachtliche Magie inmitten der historischen\u2026","rel":"","context":"Similar post","block_context":{"text":"Similar post","link":""},"img":{"alt_text":"","src":"https:\/\/i0.wp.com\/schlosshalbturn.com\/wp-content\/uploads\/2019\/01\/Header.jpg?fit=1200%2C600&ssl=1&resize=350%2C200","width":350,"height":200,"srcset":"https:\/\/i0.wp.com\/schlosshalbturn.com\/wp-content\/uploads\/2019\/01\/Header.jpg?fit=1200%2C600&ssl=1&resize=350%2C200 1x, https:\/\/i0.wp.com\/schlosshalbturn.com\/wp-content\/uploads\/2019\/01\/Header.jpg?fit=1200%2C600&ssl=1&resize=525%2C300 1.5x, https:\/\/i0.wp.com\/schlosshalbturn.com\/wp-content\/uploads\/2019\/01\/Header.jpg?fit=1200%2C600&ssl=1&resize=700%2C400 2x, https:\/\/i0.wp.com\/schlosshalbturn.com\/wp-content\/uploads\/2019\/01\/Header.jpg?fit=1200%2C600&ssl=1&resize=1050%2C600 3x"},"classes":[]},{"id":47,"url":"https:\/\/schlosshalbturn.com\/lipizzaner-friends\/","url_meta":{"origin":2480,"position":3},"title":"Lipizzaner &#038; Friends","author":"Beatrix Lehner","date":"January 16, 2019","format":false,"excerpt":"Spektakul\u00e4re Pferdeshow auf Schloss Halbturn Die Veranstaltung \"Lipizzaner & Friends\" findet 2025 leider nicht statt! Einmal im Jahr wird der barocke Garten von Schloss Halbturn zum Tanzparkett f\u00fcr edle \u00f6sterreichische Lipizzanerpferde. Unter der Leitung von Martina W\u00fctherich, Ausbildnerin f\u00fcr klassische Reitkunst, begeistert die\u00a0phantasievolle Pferdeshow \u201eLipizzaner & Friends\u201c\u00a0das Publikum vor der\u2026","rel":"","context":"Similar post","block_context":{"text":"Similar post","link":""},"img":{"alt_text":"","src":"https:\/\/i0.wp.com\/schlosshalbturn.com\/wp-content\/uploads\/2019\/01\/Header.jpg?fit=1200%2C600&ssl=1&resize=350%2C200","width":350,"height":200,"srcset":"https:\/\/i0.wp.com\/schlosshalbturn.com\/wp-content\/uploads\/2019\/01\/Header.jpg?fit=1200%2C600&ssl=1&resize=350%2C200 1x, https:\/\/i0.wp.com\/schlosshalbturn.com\/wp-content\/uploads\/2019\/01\/Header.jpg?fit=1200%2C600&ssl=1&resize=525%2C300 1.5x, https:\/\/i0.wp.com\/schlosshalbturn.com\/wp-content\/uploads\/2019\/01\/Header.jpg?fit=1200%2C600&ssl=1&resize=700%2C400 2x, https:\/\/i0.wp.com\/schlosshalbturn.com\/wp-content\/uploads\/2019\/01\/Header.jpg?fit=1200%2C600&ssl=1&resize=1050%2C600 3x"},"classes":[]},{"id":74,"url":"https:\/\/schlosshalbturn.com\/geschichte\/","url_meta":{"origin":2480,"position":4},"title":"Geschichte","author":"Beatrix Lehner","date":"January 16, 2019","format":false,"excerpt":"1540 K\u00f6nigin Maria von Ungarn, Witwe von K\u00f6nig Ludwig II, floh vor den T\u00fcrken aus Budapest und \u00fcbernahm ihren Witwensitz Schloss Halbturn samt der Besitzung Ungarisch-Altenburg (Magyar\u00f3v\u00e1r). So fanden in Halbturn auch ihre k\u00f6niglichen Pferde eine neue Heimat. 1711 Schloss Halbturn wurde im Jahr 1711 von Lucas v. Hildebrandt, einem\u2026","rel":"","context":"Similar post","block_context":{"text":"Similar post","link":""},"img":{"alt_text":"","src":"https:\/\/i0.wp.com\/schlosshalbturn.com\/wp-content\/uploads\/2019\/01\/Header.jpg?fit=1200%2C600&ssl=1&resize=350%2C200","width":350,"height":200,"srcset":"https:\/\/i0.wp.com\/schlosshalbturn.com\/wp-content\/uploads\/2019\/01\/Header.jpg?fit=1200%2C600&ssl=1&resize=350%2C200 1x, https:\/\/i0.wp.com\/schlosshalbturn.com\/wp-content\/uploads\/2019\/01\/Header.jpg?fit=1200%2C600&ssl=1&resize=525%2C300 1.5x, https:\/\/i0.wp.com\/schlosshalbturn.com\/wp-content\/uploads\/2019\/01\/Header.jpg?fit=1200%2C600&ssl=1&resize=700%2C400 2x, https:\/\/i0.wp.com\/schlosshalbturn.com\/wp-content\/uploads\/2019\/01\/Header.jpg?fit=1200%2C600&ssl=1&resize=1050%2C600 3x"},"classes":[]},{"id":76,"url":"https:\/\/schlosshalbturn.com\/schlosspark\/","url_meta":{"origin":2480,"position":5},"title":"Schlosspark","author":"Beatrix Lehner","date":"January 16, 2019","format":false,"excerpt":"Oase f\u00fcr Erholungssuchende Der Schlosspark ist ganzj\u00e4hrig f\u00fcr BesucherInnen ge\u00f6ffnet und bietet zu allen Jahreszeiten Gelegenheit f\u00fcr Ruhe und Erholung. Hunde sind an der Leine herzlich willkommen.Der Schlosspark ist die einzige Parkanlage im nord\u00f6stlichen Burgenland. Der Park, so wie er sich uns in gro\u00dfen Teilen noch heute zeigt, wurde um\u2026","rel":"","context":"Similar post","block_context":{"text":"Similar post","link":""},"img":{"alt_text":"","src":"https:\/\/i0.wp.com\/schlosshalbturn.com\/wp-content\/uploads\/2019\/01\/Header.jpg?fit=1200%2C600&ssl=1&resize=350%2C200","width":350,"height":200,"srcset":"https:\/\/i0.wp.com\/schlosshalbturn.com\/wp-content\/uploads\/2019\/01\/Header.jpg?fit=1200%2C600&ssl=1&resize=350%2C200 1x, https:\/\/i0.wp.com\/schlosshalbturn.com\/wp-content\/uploads\/2019\/01\/Header.jpg?fit=1200%2C600&ssl=1&resize=525%2C300 1.5x, https:\/\/i0.wp.com\/schlosshalbturn.com\/wp-content\/uploads\/2019\/01\/Header.jpg?fit=1200%2C600&ssl=1&resize=700%2C400 2x, https:\/\/i0.wp.com\/schlosshalbturn.com\/wp-content\/uploads\/2019\/01\/Header.jpg?fit=1200%2C600&ssl=1&resize=1050%2C600 3x"},"classes":[]}],"_links":{"self":[{"href":"https:\/\/schlosshalbturn.com\/en\/wp-json\/wp\/v2\/pages\/2480","targetHints":{"allow":["GET"]}}],"collection":[{"href":"https:\/\/schlosshalbturn.com\/en\/wp-json\/wp\/v2\/pages"}],"about":[{"href":"https:\/\/schlosshalbturn.com\/en\/wp-json\/wp\/v2\/types\/page"}],"author":[{"embeddable":true,"href":"https:\/\/schlosshalbturn.com\/en\/wp-json\/wp\/v2\/users\/2"}],"replies":[{"embeddable":true,"href":"https:\/\/schlosshalbturn.com\/en\/wp-json\/wp\/v2\/comments?post=2480"}],"version-history":[{"count":0,"href":"https:\/\/schlosshalbturn.com\/en\/wp-json\/wp\/v2\/pages\/2480\/revisions"}],"wp:featuredmedia":[{"embeddable":true,"href":"https:\/\/schlosshalbturn.com\/en\/wp-json\/wp\/v2\/media\/2250"}],"wp:attachment":[{"href":"https:\/\/schlosshalbturn.com\/en\/wp-json\/wp\/v2\/media?parent=2480"}],"curies":[{"name":"wp","href":"https:\/\/api.w.org\/{rel}","templated":true}]}}