{"id":2483,"date":"2019-01-17T08:51:30","date_gmt":"2019-01-17T08:51:30","guid":{"rendered":"http:\/\/schlosshalbturn.com\/?page_id=2483"},"modified":"2024-02-12T13:54:34","modified_gmt":"2024-02-12T13:54:34","slug":"impressum","status":"publish","type":"page","link":"https:\/\/schlosshalbturn.com\/en\/impressum\/","title":{"rendered":"Imprint"},"content":{"rendered":"\n<h4 class=\"wp-block-heading\">Media Owner &amp; Publisher<\/h4>\n\n\n\n<p><strong>G\u00fcterdirektion Schloss Halbturn<\/strong><br> Parkstra\u00dfe 4<br> A-7131 Halbturn<br> T: +43 \/ (0)2172 \/ 8594<br> F: +43 \/ (0)2172 \/ 8594-3<br> E: office@schlosshalbturn.com  <\/p>\n\n\n\n<p><strong><br> Kulturverein Schloss Halbturn<\/strong><br> Parkstra\u00dfe 4<br> A-7131 Halbturn<br> T: +43 \/ (0)2172 \/ 8594<br> F: +43 \/ (0)2172 \/ 8594-3<br> E: kulturverein@schlosshalbturn.com <\/p>\n\n\n\n<h4 class=\"wp-block-heading\">Photos:<\/h4>\n\n\n\n<p>Beatrix Lehner, Emmerich M\u00e4dl, Michael Moessmer, Kulturverein\u00a0Schloss Halbturn, Mag. Gerhard Ullram, Ivana &amp; Peter Miller, Reinhard Etl, Fotolia, G\u00e9za K\u00f6nigsegg-Aulendorf, G\u00f6ssl GmbH Christopher Klettermayer, Busy Shutters, Adobe Stock  <\/p>\n\n\n\n<h4 class=\"wp-block-heading\">Copyright| Disclaimer| Info<\/h4>\n\n\n\n<p>The protection of copyright includes the content and structure of the website. Kulturverein Schloss Halbturn points out that all contents and photos on this website are protected by copyright and their use and \/ or distribution and \/ or reproduction or duplication is permitted only with the express permission of Kulturverein Schloss Halbturn. Unauthorized use of content and photos will be prosecuted. Kulturverein Schloss Halbturn has carefully checked the information provided on this website and updates it regularly. However, there can be no guarantee for the completeness, accuracy and timeliness and no liability in this respect. Liability claims against Kulturverein Schloss Halbturn, which relate to material or immaterial nature, which were caused by the use of information presented or incorrect and incomplete information, are excluded. In particular, Kulturverein Schloss Halbturn is not liable for the content of external websites, which are accessed via links. Kulturverein Schloss Halbturn is not liable for damages resulting from incorrect or delayed content or from actions that were taken in reliance on the accuracy of the content. All offers are non-binding.<\/p>\n","protected":false},"excerpt":{"rendered":"<p>Media Owner &amp; Publisher G\u00fcterdirektion Schloss Halbturn Parkstra\u00dfe 4 A-7131 Halbturn T: +43 \/ (0)2172 \/ 8594 F: +43 \/ (0)2172 \/ 8594-3 E: office@schlosshalbturn.com Kulturverein Schloss Halbturn Parkstra\u00dfe 4 A-7131 Halbturn T: +43 \/ (0)2172 \/ 8594 F: +43 \/ (0)2172 \/ 8594-3 E: kulturverein@schlosshalbturn.com Photos: Beatrix Lehner, Emmerich M\u00e4dl, Michael Moessmer, Kulturverein\u00a0Schloss Halbturn, Mag. Gerhard Ullram, Ivana &amp; Peter Miller, Reinhard Etl,&#8230; <a class=\"read-more\" href=\"https:\/\/schlosshalbturn.com\/en\/impressum\/\">Read More<\/a><\/p>\n","protected":false},"author":2,"featured_media":2250,"parent":0,"menu_order":0,"comment_status":"closed","ping_status":"closed","template":"template-full.php","meta":{"footnotes":""},"class_list":["post-2483","page","type-page","status-publish","has-post-thumbnail","hentry"],"yoast_head":"<!-- This site is optimized with the Yoast SEO plugin v27.4 - https:\/\/yoast.com\/product\/yoast-seo-wordpress\/ -->\n<title>Imprint - Schloss Halbturn<\/title>\n<meta name=\"robots\" content=\"index, follow, max-snippet:-1, max-image-preview:large, max-video-preview:-1\" \/>\n<link rel=\"canonical\" href=\"https:\/\/schlosshalbturn.com\/en\/impressum\/\" \/>\n<meta property=\"og:locale\" content=\"en_US\" \/>\n<meta property=\"og:type\" content=\"article\" \/>\n<meta property=\"og:title\" content=\"Imprint - Schloss Halbturn\" \/>\n<meta property=\"og:description\" content=\"Media Owner &amp; Publisher G\u00fcterdirektion Schloss Halbturn Parkstra\u00dfe 4 A-7131 Halbturn T: +43 \/ (0)2172 \/ 8594 F: +43 \/ (0)2172 \/ 8594-3 E: office@schlosshalbturn.com Kulturverein Schloss Halbturn Parkstra\u00dfe 4 A-7131 Halbturn T: +43 \/ (0)2172 \/ 8594 F: +43 \/ (0)2172 \/ 8594-3 E: kulturverein@schlosshalbturn.com Photos: Beatrix Lehner, Emmerich M\u00e4dl, Michael Moessmer, Kulturverein\u00a0Schloss Halbturn, Mag. Gerhard Ullram, Ivana &amp; Peter Miller, Reinhard Etl,... Read More\" \/>\n<meta property=\"og:url\" content=\"https:\/\/schlosshalbturn.com\/en\/impressum\/\" \/>\n<meta property=\"og:site_name\" content=\"Schloss Halbturn\" \/>\n<meta property=\"article:modified_time\" content=\"2024-02-12T13:54:34+00:00\" \/>\n<meta property=\"og:image\" content=\"https:\/\/schlosshalbturn.com\/wp-content\/uploads\/2019\/01\/Header-1024x512.jpg\" \/>\n\t<meta property=\"og:image:width\" content=\"1024\" \/>\n\t<meta property=\"og:image:height\" content=\"512\" \/>\n\t<meta property=\"og:image:type\" content=\"image\/jpeg\" \/>\n<meta name=\"twitter:card\" content=\"summary_large_image\" \/>\n<meta name=\"twitter:label1\" content=\"Est. reading time\" \/>\n\t<meta name=\"twitter:data1\" content=\"2 minutes\" \/>\n<script type=\"application\/ld+json\" class=\"yoast-schema-graph\">{\"@context\":\"https:\\\/\\\/schema.org\",\"@graph\":[{\"@type\":\"WebPage\",\"@id\":\"https:\\\/\\\/schlosshalbturn.com\\\/en\\\/impressum\\\/\",\"url\":\"https:\\\/\\\/schlosshalbturn.com\\\/en\\\/impressum\\\/\",\"name\":\"Imprint - Schloss Halbturn\",\"isPartOf\":{\"@id\":\"https:\\\/\\\/schlosshalbturn.com\\\/#website\"},\"primaryImageOfPage\":{\"@id\":\"https:\\\/\\\/schlosshalbturn.com\\\/en\\\/impressum\\\/#primaryimage\"},\"image\":{\"@id\":\"https:\\\/\\\/schlosshalbturn.com\\\/en\\\/impressum\\\/#primaryimage\"},\"thumbnailUrl\":\"https:\\\/\\\/i0.wp.com\\\/schlosshalbturn.com\\\/wp-content\\\/uploads\\\/2019\\\/01\\\/Header.jpg?fit=3000%2C1500&ssl=1\",\"datePublished\":\"2019-01-17T08:51:30+00:00\",\"dateModified\":\"2024-02-12T13:54:34+00:00\",\"breadcrumb\":{\"@id\":\"https:\\\/\\\/schlosshalbturn.com\\\/en\\\/impressum\\\/#breadcrumb\"},\"inLanguage\":\"en-US\",\"potentialAction\":[{\"@type\":\"ReadAction\",\"target\":[\"https:\\\/\\\/schlosshalbturn.com\\\/en\\\/impressum\\\/\"]}]},{\"@type\":\"ImageObject\",\"inLanguage\":\"en-US\",\"@id\":\"https:\\\/\\\/schlosshalbturn.com\\\/en\\\/impressum\\\/#primaryimage\",\"url\":\"https:\\\/\\\/i0.wp.com\\\/schlosshalbturn.com\\\/wp-content\\\/uploads\\\/2019\\\/01\\\/Header.jpg?fit=3000%2C1500&ssl=1\",\"contentUrl\":\"https:\\\/\\\/i0.wp.com\\\/schlosshalbturn.com\\\/wp-content\\\/uploads\\\/2019\\\/01\\\/Header.jpg?fit=3000%2C1500&ssl=1\",\"width\":3000,\"height\":1500},{\"@type\":\"BreadcrumbList\",\"@id\":\"https:\\\/\\\/schlosshalbturn.com\\\/en\\\/impressum\\\/#breadcrumb\",\"itemListElement\":[{\"@type\":\"ListItem\",\"position\":1,\"name\":\"Startseite\",\"item\":\"https:\\\/\\\/schlosshalbturn.com\\\/en\\\/\"},{\"@type\":\"ListItem\",\"position\":2,\"name\":\"Imprint\"}]},{\"@type\":\"WebSite\",\"@id\":\"https:\\\/\\\/schlosshalbturn.com\\\/#website\",\"url\":\"https:\\\/\\\/schlosshalbturn.com\\\/\",\"name\":\"Schloss Halbturn\",\"description\":\"\",\"potentialAction\":[{\"@type\":\"SearchAction\",\"target\":{\"@type\":\"EntryPoint\",\"urlTemplate\":\"https:\\\/\\\/schlosshalbturn.com\\\/?s={search_term_string}\"},\"query-input\":{\"@type\":\"PropertyValueSpecification\",\"valueRequired\":true,\"valueName\":\"search_term_string\"}}],\"inLanguage\":\"en-US\"}]}<\/script>\n<!-- \/ Yoast SEO plugin. -->","yoast_head_json":{"title":"Imprint - Schloss Halbturn","robots":{"index":"index","follow":"follow","max-snippet":"max-snippet:-1","max-image-preview":"max-image-preview:large","max-video-preview":"max-video-preview:-1"},"canonical":"https:\/\/schlosshalbturn.com\/en\/impressum\/","og_locale":"en_US","og_type":"article","og_title":"Imprint - Schloss Halbturn","og_description":"Media Owner &amp; Publisher G\u00fcterdirektion Schloss Halbturn Parkstra\u00dfe 4 A-7131 Halbturn T: +43 \/ (0)2172 \/ 8594 F: +43 \/ (0)2172 \/ 8594-3 E: office@schlosshalbturn.com Kulturverein Schloss Halbturn Parkstra\u00dfe 4 A-7131 Halbturn T: +43 \/ (0)2172 \/ 8594 F: +43 \/ (0)2172 \/ 8594-3 E: kulturverein@schlosshalbturn.com Photos: Beatrix Lehner, Emmerich M\u00e4dl, Michael Moessmer, Kulturverein\u00a0Schloss Halbturn, Mag. Gerhard Ullram, Ivana &amp; Peter Miller, Reinhard Etl,... Read More","og_url":"https:\/\/schlosshalbturn.com\/en\/impressum\/","og_site_name":"Schloss Halbturn","article_modified_time":"2024-02-12T13:54:34+00:00","og_image":[{"width":1024,"height":512,"url":"https:\/\/schlosshalbturn.com\/wp-content\/uploads\/2019\/01\/Header-1024x512.jpg","type":"image\/jpeg"}],"twitter_card":"summary_large_image","twitter_misc":{"Est. reading time":"2 minutes"},"schema":{"@context":"https:\/\/schema.org","@graph":[{"@type":"WebPage","@id":"https:\/\/schlosshalbturn.com\/en\/impressum\/","url":"https:\/\/schlosshalbturn.com\/en\/impressum\/","name":"Imprint - Schloss Halbturn","isPartOf":{"@id":"https:\/\/schlosshalbturn.com\/#website"},"primaryImageOfPage":{"@id":"https:\/\/schlosshalbturn.com\/en\/impressum\/#primaryimage"},"image":{"@id":"https:\/\/schlosshalbturn.com\/en\/impressum\/#primaryimage"},"thumbnailUrl":"https:\/\/i0.wp.com\/schlosshalbturn.com\/wp-content\/uploads\/2019\/01\/Header.jpg?fit=3000%2C1500&ssl=1","datePublished":"2019-01-17T08:51:30+00:00","dateModified":"2024-02-12T13:54:34+00:00","breadcrumb":{"@id":"https:\/\/schlosshalbturn.com\/en\/impressum\/#breadcrumb"},"inLanguage":"en-US","potentialAction":[{"@type":"ReadAction","target":["https:\/\/schlosshalbturn.com\/en\/impressum\/"]}]},{"@type":"ImageObject","inLanguage":"en-US","@id":"https:\/\/schlosshalbturn.com\/en\/impressum\/#primaryimage","url":"https:\/\/i0.wp.com\/schlosshalbturn.com\/wp-content\/uploads\/2019\/01\/Header.jpg?fit=3000%2C1500&ssl=1","contentUrl":"https:\/\/i0.wp.com\/schlosshalbturn.com\/wp-content\/uploads\/2019\/01\/Header.jpg?fit=3000%2C1500&ssl=1","width":3000,"height":1500},{"@type":"BreadcrumbList","@id":"https:\/\/schlosshalbturn.com\/en\/impressum\/#breadcrumb","itemListElement":[{"@type":"ListItem","position":1,"name":"Startseite","item":"https:\/\/schlosshalbturn.com\/en\/"},{"@type":"ListItem","position":2,"name":"Imprint"}]},{"@type":"WebSite","@id":"https:\/\/schlosshalbturn.com\/#website","url":"https:\/\/schlosshalbturn.com\/","name":"Schloss Halbturn","description":"","potentialAction":[{"@type":"SearchAction","target":{"@type":"EntryPoint","urlTemplate":"https:\/\/schlosshalbturn.com\/?s={search_term_string}"},"query-input":{"@type":"PropertyValueSpecification","valueRequired":true,"valueName":"search_term_string"}}],"inLanguage":"en-US"}]}},"jetpack_sharing_enabled":true,"jetpack_shortlink":"https:\/\/wp.me\/Pb6NRs-E3","jetpack-related-posts":[{"id":100,"url":"https:\/\/schlosshalbturn.com\/kontakt\/","url_meta":{"origin":2483,"position":0},"title":"Kontakt","author":"Beatrix Lehner","date":"January 16, 2019","format":false,"excerpt":"G\u00fcterdirektion Schloss Halbturn Parkstra\u00dfe 4 A-7131 Halbturn T: +43 \/ (0)2172 \/ 8594 F: +43 \/ (0)2172 \/ 8594-3 E: office@schlosshalbturn.com Kulturverein Schloss Halbturn Parkstra\u00dfe 4 A-7131 Halbturn T: +43 \/ (0)2172 \/ 8594 F: +43 \/ (0)2172 \/ 8594-3 E: kulturverein@schlosshalbturn.com Wir bem\u00fchen uns Ihre Anliegen schnellst m\u00f6glich zu\u2026","rel":"","context":"Similar post","block_context":{"text":"Similar post","link":""},"img":{"alt_text":"","src":"https:\/\/i0.wp.com\/schlosshalbturn.com\/wp-content\/uploads\/2019\/01\/Header.jpg?fit=1200%2C600&ssl=1&resize=350%2C200","width":350,"height":200,"srcset":"https:\/\/i0.wp.com\/schlosshalbturn.com\/wp-content\/uploads\/2019\/01\/Header.jpg?fit=1200%2C600&ssl=1&resize=350%2C200 1x, https:\/\/i0.wp.com\/schlosshalbturn.com\/wp-content\/uploads\/2019\/01\/Header.jpg?fit=1200%2C600&ssl=1&resize=525%2C300 1.5x, https:\/\/i0.wp.com\/schlosshalbturn.com\/wp-content\/uploads\/2019\/01\/Header.jpg?fit=1200%2C600&ssl=1&resize=700%2C400 2x, https:\/\/i0.wp.com\/schlosshalbturn.com\/wp-content\/uploads\/2019\/01\/Header.jpg?fit=1200%2C600&ssl=1&resize=1050%2C600 3x"},"classes":[]},{"id":109,"url":"https:\/\/schlosshalbturn.com\/impressum\/","url_meta":{"origin":2483,"position":1},"title":"Impressum","author":"Beatrix Lehner","date":"January 17, 2019","format":false,"excerpt":"Medieninhaber & Herausgeber G\u00fcterdirektion Schloss Halbturn Parkstra\u00dfe 4 A-7131 Halbturn T: +43 \/ (0)2172 \/ 8594 F: +43 \/ (0)2172 \/ 8594-3 E: office@schlosshalbturn.com Kulturverein Schloss Halbturn Parkstra\u00dfe 4 A-7131 Halbturn T: +43 \/ (0)2172 \/ 8594 F: +43 \/ (0)2172 \/ 8594-3 E: kulturverein@schlosshalbturn.com Fotos: Beatrix Lehner, Emmerich M\u00e4dl,\u2026","rel":"","context":"Similar post","block_context":{"text":"Similar post","link":""},"img":{"alt_text":"","src":"https:\/\/i0.wp.com\/schlosshalbturn.com\/wp-content\/uploads\/2019\/01\/Header.jpg?fit=1200%2C600&ssl=1&resize=350%2C200","width":350,"height":200,"srcset":"https:\/\/i0.wp.com\/schlosshalbturn.com\/wp-content\/uploads\/2019\/01\/Header.jpg?fit=1200%2C600&ssl=1&resize=350%2C200 1x, https:\/\/i0.wp.com\/schlosshalbturn.com\/wp-content\/uploads\/2019\/01\/Header.jpg?fit=1200%2C600&ssl=1&resize=525%2C300 1.5x, https:\/\/i0.wp.com\/schlosshalbturn.com\/wp-content\/uploads\/2019\/01\/Header.jpg?fit=1200%2C600&ssl=1&resize=700%2C400 2x, https:\/\/i0.wp.com\/schlosshalbturn.com\/wp-content\/uploads\/2019\/01\/Header.jpg?fit=1200%2C600&ssl=1&resize=1050%2C600 3x"},"classes":[]},{"id":2484,"url":"https:\/\/schlosshalbturn.com\/en\/kontakt\/","url_meta":{"origin":2483,"position":2},"title":"Contact","author":"Beatrix Lehner","date":"January 16, 2019","format":false,"excerpt":"G\u00fcterdirektion Schloss Halbturn Parkstra\u00dfe 4 A-7131 Halbturn T: +43 \/ (0)2172 \/ 8594 F: +43 \/ (0)2172 \/ 8594-3 E: office@schlosshalbturn.com We endeavor to process your concerns as quickly as possible.","rel":"","context":"Similar post","block_context":{"text":"Similar post","link":""},"img":{"alt_text":"","src":"https:\/\/i0.wp.com\/schlosshalbturn.com\/wp-content\/uploads\/2019\/01\/Header.jpg?fit=1200%2C600&ssl=1&resize=350%2C200","width":350,"height":200,"srcset":"https:\/\/i0.wp.com\/schlosshalbturn.com\/wp-content\/uploads\/2019\/01\/Header.jpg?fit=1200%2C600&ssl=1&resize=350%2C200 1x, https:\/\/i0.wp.com\/schlosshalbturn.com\/wp-content\/uploads\/2019\/01\/Header.jpg?fit=1200%2C600&ssl=1&resize=525%2C300 1.5x, https:\/\/i0.wp.com\/schlosshalbturn.com\/wp-content\/uploads\/2019\/01\/Header.jpg?fit=1200%2C600&ssl=1&resize=700%2C400 2x, https:\/\/i0.wp.com\/schlosshalbturn.com\/wp-content\/uploads\/2019\/01\/Header.jpg?fit=1200%2C600&ssl=1&resize=1050%2C600 3x"},"classes":[]},{"id":191,"url":"https:\/\/schlosshalbturn.com\/wappen\/","url_meta":{"origin":2483,"position":3},"title":"Kontaktdaten","author":"Beatrix Lehner","date":"January 18, 2019","format":false,"excerpt":"A-7131 Halbturn, Im Schloss +43 (0) 2172 8594, office@schlosshalbturn.com, www.schlosshalbturn.com","rel":"","context":"Similar post","block_context":{"text":"Similar post","link":""},"img":{"alt_text":"","src":"https:\/\/i0.wp.com\/schlosshalbturn.com\/wp-content\/uploads\/2019\/01\/fCAqvSR.jpg?fit=1200%2C750&ssl=1&resize=350%2C200","width":350,"height":200,"srcset":"https:\/\/i0.wp.com\/schlosshalbturn.com\/wp-content\/uploads\/2019\/01\/fCAqvSR.jpg?fit=1200%2C750&ssl=1&resize=350%2C200 1x, https:\/\/i0.wp.com\/schlosshalbturn.com\/wp-content\/uploads\/2019\/01\/fCAqvSR.jpg?fit=1200%2C750&ssl=1&resize=525%2C300 1.5x, https:\/\/i0.wp.com\/schlosshalbturn.com\/wp-content\/uploads\/2019\/01\/fCAqvSR.jpg?fit=1200%2C750&ssl=1&resize=700%2C400 2x, https:\/\/i0.wp.com\/schlosshalbturn.com\/wp-content\/uploads\/2019\/01\/fCAqvSR.jpg?fit=1200%2C750&ssl=1&resize=1050%2C600 3x"},"classes":[]},{"id":2482,"url":"https:\/\/schlosshalbturn.com\/en\/wappen\/","url_meta":{"origin":2483,"position":4},"title":"Contact details","author":"Beatrix Lehner","date":"January 18, 2019","format":false,"excerpt":"A-7131 Halbturn, Im Schloss +43 (0) 2172 8594, office@schlosshalbturn.com, www.schlosshalbturn.com","rel":"","context":"Similar post","block_context":{"text":"Similar post","link":""},"img":{"alt_text":"","src":"https:\/\/i0.wp.com\/schlosshalbturn.com\/wp-content\/uploads\/2019\/01\/fCAqvSR.jpg?fit=1200%2C750&ssl=1&resize=350%2C200","width":350,"height":200,"srcset":"https:\/\/i0.wp.com\/schlosshalbturn.com\/wp-content\/uploads\/2019\/01\/fCAqvSR.jpg?fit=1200%2C750&ssl=1&resize=350%2C200 1x, https:\/\/i0.wp.com\/schlosshalbturn.com\/wp-content\/uploads\/2019\/01\/fCAqvSR.jpg?fit=1200%2C750&ssl=1&resize=525%2C300 1.5x, https:\/\/i0.wp.com\/schlosshalbturn.com\/wp-content\/uploads\/2019\/01\/fCAqvSR.jpg?fit=1200%2C750&ssl=1&resize=700%2C400 2x, https:\/\/i0.wp.com\/schlosshalbturn.com\/wp-content\/uploads\/2019\/01\/fCAqvSR.jpg?fit=1200%2C750&ssl=1&resize=1050%2C600 3x"},"classes":[]},{"id":51,"url":"https:\/\/schlosshalbturn.com\/weihnachtsmarkt\/","url_meta":{"origin":2483,"position":5},"title":"Weihnachtsmarkt","author":"Beatrix Lehner","date":"January 16, 2019","format":false,"excerpt":"Pannonischer Weihnachtsmarkt Ein Fest f\u00fcr die ganze Familie mit Punsch, K\u00f6stlichkeiten und weihnachtlichem Programm 4.\/5.\/6. Dezember & 11.\/12.\/13. Dezember 2026 jeweils 13-19 Uhrfreier Eintritt \u00c4nderungen vorbehalten! Der stimmungsvolle Pannonische Weihnachtsmarkt \u00f6ffnet auch dieses Jahr wieder seine Tore. An zwei Adventswochenenden l\u00e4dt er dazu ein, die vorweihnachtliche Magie inmitten der historischen\u2026","rel":"","context":"Similar post","block_context":{"text":"Similar post","link":""},"img":{"alt_text":"","src":"https:\/\/i0.wp.com\/schlosshalbturn.com\/wp-content\/uploads\/2019\/01\/Header.jpg?fit=1200%2C600&ssl=1&resize=350%2C200","width":350,"height":200,"srcset":"https:\/\/i0.wp.com\/schlosshalbturn.com\/wp-content\/uploads\/2019\/01\/Header.jpg?fit=1200%2C600&ssl=1&resize=350%2C200 1x, https:\/\/i0.wp.com\/schlosshalbturn.com\/wp-content\/uploads\/2019\/01\/Header.jpg?fit=1200%2C600&ssl=1&resize=525%2C300 1.5x, https:\/\/i0.wp.com\/schlosshalbturn.com\/wp-content\/uploads\/2019\/01\/Header.jpg?fit=1200%2C600&ssl=1&resize=700%2C400 2x, https:\/\/i0.wp.com\/schlosshalbturn.com\/wp-content\/uploads\/2019\/01\/Header.jpg?fit=1200%2C600&ssl=1&resize=1050%2C600 3x"},"classes":[]}],"_links":{"self":[{"href":"https:\/\/schlosshalbturn.com\/en\/wp-json\/wp\/v2\/pages\/2483","targetHints":{"allow":["GET"]}}],"collection":[{"href":"https:\/\/schlosshalbturn.com\/en\/wp-json\/wp\/v2\/pages"}],"about":[{"href":"https:\/\/schlosshalbturn.com\/en\/wp-json\/wp\/v2\/types\/page"}],"author":[{"embeddable":true,"href":"https:\/\/schlosshalbturn.com\/en\/wp-json\/wp\/v2\/users\/2"}],"replies":[{"embeddable":true,"href":"https:\/\/schlosshalbturn.com\/en\/wp-json\/wp\/v2\/comments?post=2483"}],"version-history":[{"count":6,"href":"https:\/\/schlosshalbturn.com\/en\/wp-json\/wp\/v2\/pages\/2483\/revisions"}],"predecessor-version":[{"id":7126,"href":"https:\/\/schlosshalbturn.com\/en\/wp-json\/wp\/v2\/pages\/2483\/revisions\/7126"}],"wp:featuredmedia":[{"embeddable":true,"href":"https:\/\/schlosshalbturn.com\/en\/wp-json\/wp\/v2\/media\/2250"}],"wp:attachment":[{"href":"https:\/\/schlosshalbturn.com\/en\/wp-json\/wp\/v2\/media?parent=2483"}],"curies":[{"name":"wp","href":"https:\/\/api.w.org\/{rel}","templated":true}]}}