{"id":2489,"date":"2019-01-16T13:22:42","date_gmt":"2019-01-16T13:22:42","guid":{"rendered":"http:\/\/schlosshalbturn.com\/?page_id=2489"},"modified":"2022-01-21T09:28:50","modified_gmt":"2022-01-21T09:28:50","slug":"seminare","status":"publish","type":"page","link":"https:\/\/schlosshalbturn.com\/en\/seminare\/","title":{"rendered":"Seminars"},"content":{"rendered":"\n<h2 class=\"wp-block-heading\">Conferences away from the hustle and bustle <\/h2>\n\n\n\n<div style=\"height:30px\" aria-hidden=\"true\" class=\"wp-block-spacer\"><\/div>\n\n\n\n<div class=\"wp-block-media-text alignwide is-stacked-on-mobile\" style=\"grid-template-columns:34% auto\"><figure class=\"wp-block-media-text__media\"><span class=\"image-container wp-image-1343 size-full\"><img data-recalc-dims=\"1\" loading=\"lazy\" decoding=\"async\" width=\"500\" height=\"333\" src=\"https:\/\/i0.wp.com\/schlosshalbturn.com\/wp-content\/uploads\/2019\/04\/Gwandhaus-Seminar.jpg?resize=500%2C333&#038;ssl=1\" alt=\"\" class=\"wp-image-1343 size-full\" srcset=\"https:\/\/i0.wp.com\/schlosshalbturn.com\/wp-content\/uploads\/2019\/04\/Gwandhaus-Seminar.jpg?w=500&amp;ssl=1 500w, https:\/\/i0.wp.com\/schlosshalbturn.com\/wp-content\/uploads\/2019\/04\/Gwandhaus-Seminar.jpg?resize=300%2C200&amp;ssl=1 300w\" sizes=\"auto, (max-width: 500px) 100vw, 500px\" \/><\/span><\/figure><div class=\"wp-block-media-text__content\">\n<p>Two seminar rooms for a maximum of 20 people on 49 or 29 square meters and &nbsp;with complete technical equipment (projector, overhead, flipchart, pin boards, TV set, 16 switch ISDN) form the professional framework for your meetings, trainings and seminars of all kinds at Schloss Halbturn. The catering is flexibly adapted to the individual wishes of our guests.<\/p>\n\n\n\n<p>Relax after the seminar with delicacies from our kitchen or with a wine tasting. Let the intensive seminar day end with a walk in the quiet shady park, a trip to the nearby Lake Neusiedl or a bike ride through the Seewinkel. (Bike rental on site)<br><br>Seminar room in the middle of nature: clear your mind and let your creative thoughts run free. Exchange the seminar room for our magnificent castle park.<br><\/p>\n<\/div><\/div>\n\n\n\n<p> Reservation: <br>+43 2172 82390, <a href=\"mailto:info@knappenstoeckl.at\">info@knappenstoeckl.at<\/a>, <a href=\"https:\/\/www.restaurant-wieser.at\/en\" target=\"_blank\" rel=\"noreferrer noopener\">www.restaurant-wieser.at<\/a><\/p>\n","protected":false},"excerpt":{"rendered":"<p>Conferences away from the hustle and bustle Two seminar rooms for a maximum of 20 people on 49 or 29 square meters and &nbsp;with complete technical equipment (projector, overhead, flipchart, pin boards, TV set, 16 switch ISDN) form the professional framework for your meetings, trainings and seminars of all kinds at Schloss Halbturn. The catering is flexibly adapted to the individual wishes of our&#8230; <a class=\"read-more\" href=\"https:\/\/schlosshalbturn.com\/en\/seminare\/\">Read More<\/a><\/p>\n","protected":false},"author":2,"featured_media":2250,"parent":0,"menu_order":0,"comment_status":"closed","ping_status":"closed","template":"template-full.php","meta":{"footnotes":""},"class_list":["post-2489","page","type-page","status-publish","has-post-thumbnail","hentry"],"yoast_head":"<!-- This site is optimized with the Yoast SEO plugin v27.3 - https:\/\/yoast.com\/product\/yoast-seo-wordpress\/ -->\n<title>Conferences &amp; Seminars | Perfect place for business meetings<\/title>\n<meta name=\"description\" content=\"Business meetings in a unique atmosphere. \u271320 persons \u2713technical equipment \u2713individual catering \u25ba inquire now!\" \/>\n<meta name=\"robots\" content=\"index, follow, max-snippet:-1, max-image-preview:large, max-video-preview:-1\" \/>\n<link rel=\"canonical\" href=\"https:\/\/schlosshalbturn.com\/en\/seminare\/\" \/>\n<meta property=\"og:locale\" content=\"en_US\" \/>\n<meta property=\"og:type\" content=\"article\" \/>\n<meta property=\"og:title\" content=\"Conferences &amp; Seminars | Perfect place for business meetings\" \/>\n<meta property=\"og:description\" content=\"Business meetings in a unique atmosphere. \u271320 persons \u2713technical equipment \u2713individual catering \u25ba inquire now!\" \/>\n<meta property=\"og:url\" content=\"https:\/\/schlosshalbturn.com\/en\/seminare\/\" \/>\n<meta property=\"og:site_name\" content=\"Schloss Halbturn\" \/>\n<meta property=\"article:modified_time\" content=\"2022-01-21T09:28:50+00:00\" \/>\n<meta property=\"og:image\" content=\"https:\/\/schlosshalbturn.com\/wp-content\/uploads\/2019\/01\/Header-1024x512.jpg\" \/>\n\t<meta property=\"og:image:width\" content=\"1024\" \/>\n\t<meta property=\"og:image:height\" content=\"512\" \/>\n\t<meta property=\"og:image:type\" content=\"image\/jpeg\" \/>\n<meta name=\"twitter:card\" content=\"summary_large_image\" \/>\n<meta name=\"twitter:label1\" content=\"Est. reading time\" \/>\n\t<meta name=\"twitter:data1\" content=\"1 minute\" \/>\n<script type=\"application\/ld+json\" class=\"yoast-schema-graph\">{\"@context\":\"https:\\\/\\\/schema.org\",\"@graph\":[{\"@type\":\"WebPage\",\"@id\":\"https:\\\/\\\/schlosshalbturn.com\\\/en\\\/seminare\\\/\",\"url\":\"https:\\\/\\\/schlosshalbturn.com\\\/en\\\/seminare\\\/\",\"name\":\"Conferences & Seminars | Perfect place for business meetings\",\"isPartOf\":{\"@id\":\"https:\\\/\\\/schlosshalbturn.com\\\/#website\"},\"primaryImageOfPage\":{\"@id\":\"https:\\\/\\\/schlosshalbturn.com\\\/en\\\/seminare\\\/#primaryimage\"},\"image\":{\"@id\":\"https:\\\/\\\/schlosshalbturn.com\\\/en\\\/seminare\\\/#primaryimage\"},\"thumbnailUrl\":\"https:\\\/\\\/i0.wp.com\\\/schlosshalbturn.com\\\/wp-content\\\/uploads\\\/2019\\\/01\\\/Header.jpg?fit=3000%2C1500&ssl=1\",\"datePublished\":\"2019-01-16T13:22:42+00:00\",\"dateModified\":\"2022-01-21T09:28:50+00:00\",\"description\":\"Business meetings in a unique atmosphere. \u271320 persons \u2713technical equipment \u2713individual catering \u25ba inquire now!\",\"breadcrumb\":{\"@id\":\"https:\\\/\\\/schlosshalbturn.com\\\/en\\\/seminare\\\/#breadcrumb\"},\"inLanguage\":\"en-US\",\"potentialAction\":[{\"@type\":\"ReadAction\",\"target\":[\"https:\\\/\\\/schlosshalbturn.com\\\/en\\\/seminare\\\/\"]}]},{\"@type\":\"ImageObject\",\"inLanguage\":\"en-US\",\"@id\":\"https:\\\/\\\/schlosshalbturn.com\\\/en\\\/seminare\\\/#primaryimage\",\"url\":\"https:\\\/\\\/i0.wp.com\\\/schlosshalbturn.com\\\/wp-content\\\/uploads\\\/2019\\\/01\\\/Header.jpg?fit=3000%2C1500&ssl=1\",\"contentUrl\":\"https:\\\/\\\/i0.wp.com\\\/schlosshalbturn.com\\\/wp-content\\\/uploads\\\/2019\\\/01\\\/Header.jpg?fit=3000%2C1500&ssl=1\",\"width\":3000,\"height\":1500},{\"@type\":\"BreadcrumbList\",\"@id\":\"https:\\\/\\\/schlosshalbturn.com\\\/en\\\/seminare\\\/#breadcrumb\",\"itemListElement\":[{\"@type\":\"ListItem\",\"position\":1,\"name\":\"Startseite\",\"item\":\"https:\\\/\\\/schlosshalbturn.com\\\/en\\\/\"},{\"@type\":\"ListItem\",\"position\":2,\"name\":\"Seminars\"}]},{\"@type\":\"WebSite\",\"@id\":\"https:\\\/\\\/schlosshalbturn.com\\\/#website\",\"url\":\"https:\\\/\\\/schlosshalbturn.com\\\/\",\"name\":\"Schloss Halbturn\",\"description\":\"\",\"potentialAction\":[{\"@type\":\"SearchAction\",\"target\":{\"@type\":\"EntryPoint\",\"urlTemplate\":\"https:\\\/\\\/schlosshalbturn.com\\\/?s={search_term_string}\"},\"query-input\":{\"@type\":\"PropertyValueSpecification\",\"valueRequired\":true,\"valueName\":\"search_term_string\"}}],\"inLanguage\":\"en-US\"}]}<\/script>\n<!-- \/ Yoast SEO plugin. -->","yoast_head_json":{"title":"Conferences & Seminars | Perfect place for business meetings","description":"Business meetings in a unique atmosphere. \u271320 persons \u2713technical equipment \u2713individual catering \u25ba inquire now!","robots":{"index":"index","follow":"follow","max-snippet":"max-snippet:-1","max-image-preview":"max-image-preview:large","max-video-preview":"max-video-preview:-1"},"canonical":"https:\/\/schlosshalbturn.com\/en\/seminare\/","og_locale":"en_US","og_type":"article","og_title":"Conferences & Seminars | Perfect place for business meetings","og_description":"Business meetings in a unique atmosphere. \u271320 persons \u2713technical equipment \u2713individual catering \u25ba inquire now!","og_url":"https:\/\/schlosshalbturn.com\/en\/seminare\/","og_site_name":"Schloss Halbturn","article_modified_time":"2022-01-21T09:28:50+00:00","og_image":[{"width":1024,"height":512,"url":"https:\/\/schlosshalbturn.com\/wp-content\/uploads\/2019\/01\/Header-1024x512.jpg","type":"image\/jpeg"}],"twitter_card":"summary_large_image","twitter_misc":{"Est. reading time":"1 minute"},"schema":{"@context":"https:\/\/schema.org","@graph":[{"@type":"WebPage","@id":"https:\/\/schlosshalbturn.com\/en\/seminare\/","url":"https:\/\/schlosshalbturn.com\/en\/seminare\/","name":"Conferences & Seminars | Perfect place for business meetings","isPartOf":{"@id":"https:\/\/schlosshalbturn.com\/#website"},"primaryImageOfPage":{"@id":"https:\/\/schlosshalbturn.com\/en\/seminare\/#primaryimage"},"image":{"@id":"https:\/\/schlosshalbturn.com\/en\/seminare\/#primaryimage"},"thumbnailUrl":"https:\/\/i0.wp.com\/schlosshalbturn.com\/wp-content\/uploads\/2019\/01\/Header.jpg?fit=3000%2C1500&ssl=1","datePublished":"2019-01-16T13:22:42+00:00","dateModified":"2022-01-21T09:28:50+00:00","description":"Business meetings in a unique atmosphere. \u271320 persons \u2713technical equipment \u2713individual catering \u25ba inquire now!","breadcrumb":{"@id":"https:\/\/schlosshalbturn.com\/en\/seminare\/#breadcrumb"},"inLanguage":"en-US","potentialAction":[{"@type":"ReadAction","target":["https:\/\/schlosshalbturn.com\/en\/seminare\/"]}]},{"@type":"ImageObject","inLanguage":"en-US","@id":"https:\/\/schlosshalbturn.com\/en\/seminare\/#primaryimage","url":"https:\/\/i0.wp.com\/schlosshalbturn.com\/wp-content\/uploads\/2019\/01\/Header.jpg?fit=3000%2C1500&ssl=1","contentUrl":"https:\/\/i0.wp.com\/schlosshalbturn.com\/wp-content\/uploads\/2019\/01\/Header.jpg?fit=3000%2C1500&ssl=1","width":3000,"height":1500},{"@type":"BreadcrumbList","@id":"https:\/\/schlosshalbturn.com\/en\/seminare\/#breadcrumb","itemListElement":[{"@type":"ListItem","position":1,"name":"Startseite","item":"https:\/\/schlosshalbturn.com\/en\/"},{"@type":"ListItem","position":2,"name":"Seminars"}]},{"@type":"WebSite","@id":"https:\/\/schlosshalbturn.com\/#website","url":"https:\/\/schlosshalbturn.com\/","name":"Schloss Halbturn","description":"","potentialAction":[{"@type":"SearchAction","target":{"@type":"EntryPoint","urlTemplate":"https:\/\/schlosshalbturn.com\/?s={search_term_string}"},"query-input":{"@type":"PropertyValueSpecification","valueRequired":true,"valueName":"search_term_string"}}],"inLanguage":"en-US"}]}},"jetpack_sharing_enabled":true,"jetpack_shortlink":"https:\/\/wp.me\/Pb6NRs-E9","jetpack-related-posts":[{"id":67,"url":"https:\/\/schlosshalbturn.com\/seminare\/","url_meta":{"origin":2489,"position":0},"title":"Seminare","author":"Beatrix Lehner","date":"January 16, 2019","format":false,"excerpt":"Tagen abseits von Hektik & L\u00e4rm Zwei Seminarr\u00e4ume f\u00fcr maximal 20 Personen auf 49 bzw. 29 qm und kompletter technischer Ausstattung (Beamer, Overhead, Flipchart, Pinw\u00e4nde, TV-Ger\u00e4t, 16er switch ISDN) bilden den professionellen Rahmen f\u00fcr Ihre Tagungen, Fortbildungen, Meetings und Seminare aller Art auf Schloss Halbturn. Das Catering wird flexibel auf\u2026","rel":"","context":"Similar post","block_context":{"text":"Similar post","link":""},"img":{"alt_text":"","src":"https:\/\/i0.wp.com\/schlosshalbturn.com\/wp-content\/uploads\/2019\/01\/Header.jpg?fit=1200%2C600&ssl=1&resize=350%2C200","width":350,"height":200,"srcset":"https:\/\/i0.wp.com\/schlosshalbturn.com\/wp-content\/uploads\/2019\/01\/Header.jpg?fit=1200%2C600&ssl=1&resize=350%2C200 1x, https:\/\/i0.wp.com\/schlosshalbturn.com\/wp-content\/uploads\/2019\/01\/Header.jpg?fit=1200%2C600&ssl=1&resize=525%2C300 1.5x, https:\/\/i0.wp.com\/schlosshalbturn.com\/wp-content\/uploads\/2019\/01\/Header.jpg?fit=1200%2C600&ssl=1&resize=700%2C400 2x, https:\/\/i0.wp.com\/schlosshalbturn.com\/wp-content\/uploads\/2019\/01\/Header.jpg?fit=1200%2C600&ssl=1&resize=1050%2C600 3x"},"classes":[]},{"id":2493,"url":"https:\/\/schlosshalbturn.com\/en\/ihr-fest-auf-schloss-halbturn\/","url_meta":{"origin":2489,"position":1},"title":"Celebrate &#038; Seminar","author":"Beatrix Lehner","date":"January 16, 2019","format":false,"excerpt":"","rel":"","context":"Similar post","block_context":{"text":"Similar post","link":""},"img":{"alt_text":"","src":"https:\/\/i0.wp.com\/schlosshalbturn.com\/wp-content\/uploads\/2019\/01\/Header.jpg?fit=1200%2C600&ssl=1&resize=350%2C200","width":350,"height":200,"srcset":"https:\/\/i0.wp.com\/schlosshalbturn.com\/wp-content\/uploads\/2019\/01\/Header.jpg?fit=1200%2C600&ssl=1&resize=350%2C200 1x, https:\/\/i0.wp.com\/schlosshalbturn.com\/wp-content\/uploads\/2019\/01\/Header.jpg?fit=1200%2C600&ssl=1&resize=525%2C300 1.5x, https:\/\/i0.wp.com\/schlosshalbturn.com\/wp-content\/uploads\/2019\/01\/Header.jpg?fit=1200%2C600&ssl=1&resize=700%2C400 2x, https:\/\/i0.wp.com\/schlosshalbturn.com\/wp-content\/uploads\/2019\/01\/Header.jpg?fit=1200%2C600&ssl=1&resize=1050%2C600 3x"},"classes":[]},{"id":2538,"url":"https:\/\/schlosshalbturn.com\/en\/ausstellung\/","url_meta":{"origin":2489,"position":2},"title":"Exhibition","author":"Beatrix Lehner","date":"January 16, 2019","format":false,"excerpt":"Love & Influence \u2013 Behind the Scenes of the Congress of Vienna 1814\/15 April 29th - November 1st 2026, Tue to Sun\/public holidays 10 a.m. - 5 p.m.(subject to change) After Napoleon\u2019s defeat, the crowned heads of Europe gathered in Vienna in the autumn of 1814 at the invitation of\u2026","rel":"","context":"Similar post","block_context":{"text":"Similar post","link":""},"img":{"alt_text":"","src":"https:\/\/i0.wp.com\/schlosshalbturn.com\/wp-content\/uploads\/2019\/01\/Header.jpg?fit=1200%2C600&ssl=1&resize=350%2C200","width":350,"height":200,"srcset":"https:\/\/i0.wp.com\/schlosshalbturn.com\/wp-content\/uploads\/2019\/01\/Header.jpg?fit=1200%2C600&ssl=1&resize=350%2C200 1x, https:\/\/i0.wp.com\/schlosshalbturn.com\/wp-content\/uploads\/2019\/01\/Header.jpg?fit=1200%2C600&ssl=1&resize=525%2C300 1.5x, https:\/\/i0.wp.com\/schlosshalbturn.com\/wp-content\/uploads\/2019\/01\/Header.jpg?fit=1200%2C600&ssl=1&resize=700%2C400 2x, https:\/\/i0.wp.com\/schlosshalbturn.com\/wp-content\/uploads\/2019\/01\/Header.jpg?fit=1200%2C600&ssl=1&resize=1050%2C600 3x"},"classes":[]},{"id":2539,"url":"https:\/\/schlosshalbturn.com\/en\/lipizzaner-friends\/","url_meta":{"origin":2489,"position":3},"title":"Lipizzaner &#038; Friends","author":"Beatrix Lehner","date":"January 16, 2019","format":false,"excerpt":"Spectacular horse show at Schloss Halbturn The show \"Lipizzaner & Friends\" does unfortunately not take place in 2025 Once a year, the baroque garden of Schloss Halbturn becomes a dance floor for noble Austrian Lipizzan horses. Under the direction of Martina W\u00fctherich, an instructor for classical equitation, the magical horse\u2026","rel":"","context":"Similar post","block_context":{"text":"Similar post","link":""},"img":{"alt_text":"","src":"https:\/\/i0.wp.com\/schlosshalbturn.com\/wp-content\/uploads\/2019\/01\/Header.jpg?fit=1200%2C600&ssl=1&resize=350%2C200","width":350,"height":200,"srcset":"https:\/\/i0.wp.com\/schlosshalbturn.com\/wp-content\/uploads\/2019\/01\/Header.jpg?fit=1200%2C600&ssl=1&resize=350%2C200 1x, https:\/\/i0.wp.com\/schlosshalbturn.com\/wp-content\/uploads\/2019\/01\/Header.jpg?fit=1200%2C600&ssl=1&resize=525%2C300 1.5x, https:\/\/i0.wp.com\/schlosshalbturn.com\/wp-content\/uploads\/2019\/01\/Header.jpg?fit=1200%2C600&ssl=1&resize=700%2C400 2x, https:\/\/i0.wp.com\/schlosshalbturn.com\/wp-content\/uploads\/2019\/01\/Header.jpg?fit=1200%2C600&ssl=1&resize=1050%2C600 3x"},"classes":[]},{"id":2486,"url":"https:\/\/schlosshalbturn.com\/en\/schlosspark\/","url_meta":{"origin":2489,"position":4},"title":"Park","author":"Beatrix Lehner","date":"January 16, 2019","format":false,"excerpt":"Oasis for those seeking relaxation The park is open all year round for visitors and offers an opportunity for rest and relaxation in all seasons. Dogs are welcome on a leash. The castle park is the only park in north-eastern Burgenland.The park, as it shows itself to a large extent\u2026","rel":"","context":"Similar post","block_context":{"text":"Similar post","link":""},"img":{"alt_text":"","src":"https:\/\/i0.wp.com\/schlosshalbturn.com\/wp-content\/uploads\/2019\/01\/Header.jpg?fit=1200%2C600&ssl=1&resize=350%2C200","width":350,"height":200,"srcset":"https:\/\/i0.wp.com\/schlosshalbturn.com\/wp-content\/uploads\/2019\/01\/Header.jpg?fit=1200%2C600&ssl=1&resize=350%2C200 1x, https:\/\/i0.wp.com\/schlosshalbturn.com\/wp-content\/uploads\/2019\/01\/Header.jpg?fit=1200%2C600&ssl=1&resize=525%2C300 1.5x, https:\/\/i0.wp.com\/schlosshalbturn.com\/wp-content\/uploads\/2019\/01\/Header.jpg?fit=1200%2C600&ssl=1&resize=700%2C400 2x, https:\/\/i0.wp.com\/schlosshalbturn.com\/wp-content\/uploads\/2019\/01\/Header.jpg?fit=1200%2C600&ssl=1&resize=1050%2C600 3x"},"classes":[]},{"id":2487,"url":"https:\/\/schlosshalbturn.com\/en\/geschichte\/","url_meta":{"origin":2489,"position":5},"title":"History","author":"Beatrix Lehner","date":"January 16, 2019","format":false,"excerpt":"1540 Queen Maria of Hungary, widow of King Louis II, fled from the Turks in Budapest and took up residence at her widow's estate, Halbturn Castle, along with the property of Hungarian Altenburg (Magyar\u00f3v\u00e1r). Thus, her royal horses also found a new home in Halbturn. 1711 Halbturn Castle was built\u2026","rel":"","context":"Similar post","block_context":{"text":"Similar post","link":""},"img":{"alt_text":"","src":"https:\/\/i0.wp.com\/schlosshalbturn.com\/wp-content\/uploads\/2019\/01\/Header.jpg?fit=1200%2C600&ssl=1&resize=350%2C200","width":350,"height":200,"srcset":"https:\/\/i0.wp.com\/schlosshalbturn.com\/wp-content\/uploads\/2019\/01\/Header.jpg?fit=1200%2C600&ssl=1&resize=350%2C200 1x, https:\/\/i0.wp.com\/schlosshalbturn.com\/wp-content\/uploads\/2019\/01\/Header.jpg?fit=1200%2C600&ssl=1&resize=525%2C300 1.5x, https:\/\/i0.wp.com\/schlosshalbturn.com\/wp-content\/uploads\/2019\/01\/Header.jpg?fit=1200%2C600&ssl=1&resize=700%2C400 2x, https:\/\/i0.wp.com\/schlosshalbturn.com\/wp-content\/uploads\/2019\/01\/Header.jpg?fit=1200%2C600&ssl=1&resize=1050%2C600 3x"},"classes":[]}],"_links":{"self":[{"href":"https:\/\/schlosshalbturn.com\/en\/wp-json\/wp\/v2\/pages\/2489","targetHints":{"allow":["GET"]}}],"collection":[{"href":"https:\/\/schlosshalbturn.com\/en\/wp-json\/wp\/v2\/pages"}],"about":[{"href":"https:\/\/schlosshalbturn.com\/en\/wp-json\/wp\/v2\/types\/page"}],"author":[{"embeddable":true,"href":"https:\/\/schlosshalbturn.com\/en\/wp-json\/wp\/v2\/users\/2"}],"replies":[{"embeddable":true,"href":"https:\/\/schlosshalbturn.com\/en\/wp-json\/wp\/v2\/comments?post=2489"}],"version-history":[{"count":4,"href":"https:\/\/schlosshalbturn.com\/en\/wp-json\/wp\/v2\/pages\/2489\/revisions"}],"predecessor-version":[{"id":6202,"href":"https:\/\/schlosshalbturn.com\/en\/wp-json\/wp\/v2\/pages\/2489\/revisions\/6202"}],"wp:featuredmedia":[{"embeddable":true,"href":"https:\/\/schlosshalbturn.com\/en\/wp-json\/wp\/v2\/media\/2250"}],"wp:attachment":[{"href":"https:\/\/schlosshalbturn.com\/en\/wp-json\/wp\/v2\/media?parent=2489"}],"curies":[{"name":"wp","href":"https:\/\/api.w.org\/{rel}","templated":true}]}}