{"id":2490,"date":"2019-01-16T13:21:53","date_gmt":"2019-01-16T13:21:53","guid":{"rendered":"http:\/\/schlosshalbturn.com\/?page_id=2490"},"modified":"2019-07-30T14:57:21","modified_gmt":"2019-07-30T14:57:21","slug":"saele-raeumlichkeiten","status":"publish","type":"page","link":"https:\/\/schlosshalbturn.com\/en\/saele-raeumlichkeiten\/","title":{"rendered":"Halls &#038; Premises"},"content":{"rendered":"\n<h3 class=\"wp-block-heading\">Freskensaal<\/h3>\n\n\n\n<p>The Freskensaal with its baroque ambience and the famous ceiling fresco by Franz Anton Maulbertsch forms the heart of the castle. Whether weddings or corporate parties, the historic state hall gives every event a noble flair and is also used as a venue for concerts thanks to its excellent acoustics.<\/p>\n\n\n\n<figure class=\"wp-block-image\"><span class=\"image-container wp-image-2647\"><img data-recalc-dims=\"1\" loading=\"lazy\" decoding=\"async\" width=\"640\" height=\"640\" src=\"https:\/\/i0.wp.com\/schlosshalbturn.com\/wp-content\/uploads\/2019\/06\/Freskensaal-engl-1024x1024.jpg?resize=640%2C640&#038;ssl=1\" alt=\"\" class=\"wp-image-2647\" srcset=\"https:\/\/i0.wp.com\/schlosshalbturn.com\/wp-content\/uploads\/2019\/06\/Freskensaal-engl.jpg?resize=1024%2C1024&amp;ssl=1 1024w, https:\/\/i0.wp.com\/schlosshalbturn.com\/wp-content\/uploads\/2019\/06\/Freskensaal-engl.jpg?resize=150%2C150&amp;ssl=1 150w, https:\/\/i0.wp.com\/schlosshalbturn.com\/wp-content\/uploads\/2019\/06\/Freskensaal-engl.jpg?resize=300%2C300&amp;ssl=1 300w, https:\/\/i0.wp.com\/schlosshalbturn.com\/wp-content\/uploads\/2019\/06\/Freskensaal-engl.jpg?resize=768%2C768&amp;ssl=1 768w, https:\/\/i0.wp.com\/schlosshalbturn.com\/wp-content\/uploads\/2019\/06\/Freskensaal-engl.jpg?resize=1200%2C1200&amp;ssl=1 1200w, https:\/\/i0.wp.com\/schlosshalbturn.com\/wp-content\/uploads\/2019\/06\/Freskensaal-engl.jpg?resize=640%2C640&amp;ssl=1 640w, https:\/\/i0.wp.com\/schlosshalbturn.com\/wp-content\/uploads\/2019\/06\/Freskensaal-engl.jpg?resize=50%2C50&amp;ssl=1 50w, https:\/\/i0.wp.com\/schlosshalbturn.com\/wp-content\/uploads\/2019\/06\/Freskensaal-engl.jpg?w=1280&amp;ssl=1 1280w, https:\/\/i0.wp.com\/schlosshalbturn.com\/wp-content\/uploads\/2019\/06\/Freskensaal-engl.jpg?w=1920&amp;ssl=1 1920w\" sizes=\"auto, (max-width: 640px) 100vw, 640px\" \/><\/span><\/figure>\n\n\n\n<div style=\"height:40px\" aria-hidden=\"true\" class=\"wp-block-spacer\"><\/div>\n\n\n\n<h3 class=\"wp-block-heading\">Maestoso, Neapolitano &amp; Conversano<\/h3>\n\n\n\n<p>The three banquet halls Maestoso, Neapolitano &amp; Conversano are located in the former stables of the imperial stud &#8211; the cradle of the Lipizzan Horses &#8211; and today offer you a location of the highest level with a unique charm for your party.<\/p>\n\n\n\n<figure class=\"wp-block-image\"><span class=\"image-container wp-image-2649\"><img data-recalc-dims=\"1\" loading=\"lazy\" decoding=\"async\" width=\"640\" height=\"603\" src=\"https:\/\/i0.wp.com\/schlosshalbturn.com\/wp-content\/uploads\/2019\/06\/Maestoso-engl-1024x964.jpg?resize=640%2C603&#038;ssl=1\" alt=\"\" class=\"wp-image-2649\" srcset=\"https:\/\/i0.wp.com\/schlosshalbturn.com\/wp-content\/uploads\/2019\/06\/Maestoso-engl.jpg?resize=1024%2C964&amp;ssl=1 1024w, https:\/\/i0.wp.com\/schlosshalbturn.com\/wp-content\/uploads\/2019\/06\/Maestoso-engl.jpg?resize=300%2C282&amp;ssl=1 300w, https:\/\/i0.wp.com\/schlosshalbturn.com\/wp-content\/uploads\/2019\/06\/Maestoso-engl.jpg?resize=768%2C723&amp;ssl=1 768w, https:\/\/i0.wp.com\/schlosshalbturn.com\/wp-content\/uploads\/2019\/06\/Maestoso-engl.jpg?w=1280&amp;ssl=1 1280w, https:\/\/i0.wp.com\/schlosshalbturn.com\/wp-content\/uploads\/2019\/06\/Maestoso-engl.jpg?w=1920&amp;ssl=1 1920w\" sizes=\"auto, (max-width: 640px) 100vw, 640px\" \/><\/span><\/figure>\n\n\n\n<p class=\"has-medium-font-size\"><strong>Neapolitano<\/strong><\/p>\n\n\n\n<p>161,5m<sup>2<\/sup> | 19&#215;8,5m  &#8211; Universal- \/Entr\u00e9 Room (i.e. flowers, presents, music, photobox, candybar)<\/p>\n\n\n\n<div style=\"height:20px\" aria-hidden=\"true\" class=\"wp-block-spacer\"><\/div>\n\n\n\n<p class=\"has-medium-font-size\"><strong>Conversano<\/strong><\/p>\n\n\n\n<p>199,5m<sup>2<\/sup> | 21&#215;9,5m &#8211; Bar Room<\/p>\n\n\n\n<div style=\"height:50px\" aria-hidden=\"true\" class=\"wp-block-spacer\"><\/div>\n\n\n\n<figure class=\"wp-block-image\"><span class=\"image-container wp-image-1538\"><img data-recalc-dims=\"1\" loading=\"lazy\" decoding=\"async\" width=\"640\" height=\"360\" src=\"https:\/\/i0.wp.com\/schlosshalbturn.com\/wp-content\/uploads\/2019\/04\/Lageplan-S%C3%A4le.jpg?resize=640%2C360&#038;ssl=1\" alt=\"\" class=\"wp-image-1538\" srcset=\"https:\/\/i0.wp.com\/schlosshalbturn.com\/wp-content\/uploads\/2019\/04\/Lageplan-S%C3%A4le.jpg?resize=1024%2C576&amp;ssl=1 1024w, https:\/\/i0.wp.com\/schlosshalbturn.com\/wp-content\/uploads\/2019\/04\/Lageplan-S%C3%A4le.jpg?resize=300%2C169&amp;ssl=1 300w, https:\/\/i0.wp.com\/schlosshalbturn.com\/wp-content\/uploads\/2019\/04\/Lageplan-S%C3%A4le.jpg?resize=768%2C432&amp;ssl=1 768w, https:\/\/i0.wp.com\/schlosshalbturn.com\/wp-content\/uploads\/2019\/04\/Lageplan-S%C3%A4le.jpg?w=1244&amp;ssl=1 1244w\" sizes=\"auto, (max-width: 640px) 100vw, 640px\" \/><\/span><\/figure>\n","protected":false},"excerpt":{"rendered":"<p>Freskensaal The Freskensaal with its baroque ambience and the famous ceiling fresco by Franz Anton Maulbertsch forms the heart of the castle. Whether weddings or corporate parties, the historic state hall gives every event a noble flair and is also used as a venue for concerts thanks to its excellent acoustics. Maestoso, Neapolitano &amp; Conversano The three banquet halls Maestoso, Neapolitano &amp; Conversano are&#8230; <a class=\"read-more\" href=\"https:\/\/schlosshalbturn.com\/en\/saele-raeumlichkeiten\/\">Read More<\/a><\/p>\n","protected":false},"author":2,"featured_media":2250,"parent":0,"menu_order":0,"comment_status":"closed","ping_status":"closed","template":"template-full.php","meta":{"footnotes":""},"class_list":["post-2490","page","type-page","status-publish","has-post-thumbnail","hentry"],"yoast_head":"<!-- This site is optimized with the Yoast SEO plugin v27.3 - https:\/\/yoast.com\/product\/yoast-seo-wordpress\/ -->\n<title>Celebrate in the fresco hall in baroque ambience - Schloss Halbturn<\/title>\n<meta name=\"description\" content=\"Whether weddings, company parties or concerts - our frescoes hall offers a noble flare and excellent acoustics. Get further information now!\" \/>\n<meta name=\"robots\" content=\"index, follow, max-snippet:-1, max-image-preview:large, max-video-preview:-1\" \/>\n<link rel=\"canonical\" href=\"https:\/\/schlosshalbturn.com\/en\/saele-raeumlichkeiten\/\" \/>\n<meta property=\"og:locale\" content=\"en_US\" \/>\n<meta property=\"og:type\" content=\"article\" \/>\n<meta property=\"og:title\" content=\"Celebrate in the fresco hall in baroque ambience - Schloss Halbturn\" \/>\n<meta property=\"og:description\" content=\"Whether weddings, company parties or concerts - our frescoes hall offers a noble flare and excellent acoustics. Get further information now!\" \/>\n<meta property=\"og:url\" content=\"https:\/\/schlosshalbturn.com\/en\/saele-raeumlichkeiten\/\" \/>\n<meta property=\"og:site_name\" content=\"Schloss Halbturn\" \/>\n<meta property=\"article:modified_time\" content=\"2019-07-30T14:57:21+00:00\" \/>\n<meta property=\"og:image\" content=\"https:\/\/schlosshalbturn.com\/wp-content\/uploads\/2019\/01\/Header-1024x512.jpg\" \/>\n\t<meta property=\"og:image:width\" content=\"1024\" \/>\n\t<meta property=\"og:image:height\" content=\"512\" \/>\n\t<meta property=\"og:image:type\" content=\"image\/jpeg\" \/>\n<meta name=\"twitter:card\" content=\"summary_large_image\" \/>\n<meta name=\"twitter:label1\" content=\"Est. reading time\" \/>\n\t<meta name=\"twitter:data1\" content=\"1 minute\" \/>\n<script type=\"application\/ld+json\" class=\"yoast-schema-graph\">{\"@context\":\"https:\\\/\\\/schema.org\",\"@graph\":[{\"@type\":\"WebPage\",\"@id\":\"https:\\\/\\\/schlosshalbturn.com\\\/en\\\/saele-raeumlichkeiten\\\/\",\"url\":\"https:\\\/\\\/schlosshalbturn.com\\\/en\\\/saele-raeumlichkeiten\\\/\",\"name\":\"Celebrate in the fresco hall in baroque ambience - Schloss Halbturn\",\"isPartOf\":{\"@id\":\"https:\\\/\\\/schlosshalbturn.com\\\/#website\"},\"primaryImageOfPage\":{\"@id\":\"https:\\\/\\\/schlosshalbturn.com\\\/en\\\/saele-raeumlichkeiten\\\/#primaryimage\"},\"image\":{\"@id\":\"https:\\\/\\\/schlosshalbturn.com\\\/en\\\/saele-raeumlichkeiten\\\/#primaryimage\"},\"thumbnailUrl\":\"https:\\\/\\\/i0.wp.com\\\/schlosshalbturn.com\\\/wp-content\\\/uploads\\\/2019\\\/01\\\/Header.jpg?fit=3000%2C1500&ssl=1\",\"datePublished\":\"2019-01-16T13:21:53+00:00\",\"dateModified\":\"2019-07-30T14:57:21+00:00\",\"description\":\"Whether weddings, company parties or concerts - our frescoes hall offers a noble flare and excellent acoustics. Get further information now!\",\"breadcrumb\":{\"@id\":\"https:\\\/\\\/schlosshalbturn.com\\\/en\\\/saele-raeumlichkeiten\\\/#breadcrumb\"},\"inLanguage\":\"en-US\",\"potentialAction\":[{\"@type\":\"ReadAction\",\"target\":[\"https:\\\/\\\/schlosshalbturn.com\\\/en\\\/saele-raeumlichkeiten\\\/\"]}]},{\"@type\":\"ImageObject\",\"inLanguage\":\"en-US\",\"@id\":\"https:\\\/\\\/schlosshalbturn.com\\\/en\\\/saele-raeumlichkeiten\\\/#primaryimage\",\"url\":\"https:\\\/\\\/i0.wp.com\\\/schlosshalbturn.com\\\/wp-content\\\/uploads\\\/2019\\\/01\\\/Header.jpg?fit=3000%2C1500&ssl=1\",\"contentUrl\":\"https:\\\/\\\/i0.wp.com\\\/schlosshalbturn.com\\\/wp-content\\\/uploads\\\/2019\\\/01\\\/Header.jpg?fit=3000%2C1500&ssl=1\",\"width\":3000,\"height\":1500},{\"@type\":\"BreadcrumbList\",\"@id\":\"https:\\\/\\\/schlosshalbturn.com\\\/en\\\/saele-raeumlichkeiten\\\/#breadcrumb\",\"itemListElement\":[{\"@type\":\"ListItem\",\"position\":1,\"name\":\"Startseite\",\"item\":\"https:\\\/\\\/schlosshalbturn.com\\\/en\\\/\"},{\"@type\":\"ListItem\",\"position\":2,\"name\":\"Halls &#038; Premises\"}]},{\"@type\":\"WebSite\",\"@id\":\"https:\\\/\\\/schlosshalbturn.com\\\/#website\",\"url\":\"https:\\\/\\\/schlosshalbturn.com\\\/\",\"name\":\"Schloss Halbturn\",\"description\":\"\",\"potentialAction\":[{\"@type\":\"SearchAction\",\"target\":{\"@type\":\"EntryPoint\",\"urlTemplate\":\"https:\\\/\\\/schlosshalbturn.com\\\/?s={search_term_string}\"},\"query-input\":{\"@type\":\"PropertyValueSpecification\",\"valueRequired\":true,\"valueName\":\"search_term_string\"}}],\"inLanguage\":\"en-US\"}]}<\/script>\n<!-- \/ Yoast SEO plugin. -->","yoast_head_json":{"title":"Celebrate in the fresco hall in baroque ambience - Schloss Halbturn","description":"Whether weddings, company parties or concerts - our frescoes hall offers a noble flare and excellent acoustics. Get further information now!","robots":{"index":"index","follow":"follow","max-snippet":"max-snippet:-1","max-image-preview":"max-image-preview:large","max-video-preview":"max-video-preview:-1"},"canonical":"https:\/\/schlosshalbturn.com\/en\/saele-raeumlichkeiten\/","og_locale":"en_US","og_type":"article","og_title":"Celebrate in the fresco hall in baroque ambience - Schloss Halbturn","og_description":"Whether weddings, company parties or concerts - our frescoes hall offers a noble flare and excellent acoustics. Get further information now!","og_url":"https:\/\/schlosshalbturn.com\/en\/saele-raeumlichkeiten\/","og_site_name":"Schloss Halbturn","article_modified_time":"2019-07-30T14:57:21+00:00","og_image":[{"width":1024,"height":512,"url":"https:\/\/schlosshalbturn.com\/wp-content\/uploads\/2019\/01\/Header-1024x512.jpg","type":"image\/jpeg"}],"twitter_card":"summary_large_image","twitter_misc":{"Est. reading time":"1 minute"},"schema":{"@context":"https:\/\/schema.org","@graph":[{"@type":"WebPage","@id":"https:\/\/schlosshalbturn.com\/en\/saele-raeumlichkeiten\/","url":"https:\/\/schlosshalbturn.com\/en\/saele-raeumlichkeiten\/","name":"Celebrate in the fresco hall in baroque ambience - Schloss Halbturn","isPartOf":{"@id":"https:\/\/schlosshalbturn.com\/#website"},"primaryImageOfPage":{"@id":"https:\/\/schlosshalbturn.com\/en\/saele-raeumlichkeiten\/#primaryimage"},"image":{"@id":"https:\/\/schlosshalbturn.com\/en\/saele-raeumlichkeiten\/#primaryimage"},"thumbnailUrl":"https:\/\/i0.wp.com\/schlosshalbturn.com\/wp-content\/uploads\/2019\/01\/Header.jpg?fit=3000%2C1500&ssl=1","datePublished":"2019-01-16T13:21:53+00:00","dateModified":"2019-07-30T14:57:21+00:00","description":"Whether weddings, company parties or concerts - our frescoes hall offers a noble flare and excellent acoustics. Get further information now!","breadcrumb":{"@id":"https:\/\/schlosshalbturn.com\/en\/saele-raeumlichkeiten\/#breadcrumb"},"inLanguage":"en-US","potentialAction":[{"@type":"ReadAction","target":["https:\/\/schlosshalbturn.com\/en\/saele-raeumlichkeiten\/"]}]},{"@type":"ImageObject","inLanguage":"en-US","@id":"https:\/\/schlosshalbturn.com\/en\/saele-raeumlichkeiten\/#primaryimage","url":"https:\/\/i0.wp.com\/schlosshalbturn.com\/wp-content\/uploads\/2019\/01\/Header.jpg?fit=3000%2C1500&ssl=1","contentUrl":"https:\/\/i0.wp.com\/schlosshalbturn.com\/wp-content\/uploads\/2019\/01\/Header.jpg?fit=3000%2C1500&ssl=1","width":3000,"height":1500},{"@type":"BreadcrumbList","@id":"https:\/\/schlosshalbturn.com\/en\/saele-raeumlichkeiten\/#breadcrumb","itemListElement":[{"@type":"ListItem","position":1,"name":"Startseite","item":"https:\/\/schlosshalbturn.com\/en\/"},{"@type":"ListItem","position":2,"name":"Halls &#038; Premises"}]},{"@type":"WebSite","@id":"https:\/\/schlosshalbturn.com\/#website","url":"https:\/\/schlosshalbturn.com\/","name":"Schloss Halbturn","description":"","potentialAction":[{"@type":"SearchAction","target":{"@type":"EntryPoint","urlTemplate":"https:\/\/schlosshalbturn.com\/?s={search_term_string}"},"query-input":{"@type":"PropertyValueSpecification","valueRequired":true,"valueName":"search_term_string"}}],"inLanguage":"en-US"}]}},"jetpack_sharing_enabled":true,"jetpack_shortlink":"https:\/\/wp.me\/Pb6NRs-Ea","jetpack-related-posts":[{"id":65,"url":"https:\/\/schlosshalbturn.com\/saele-raeumlichkeiten\/","url_meta":{"origin":2490,"position":0},"title":"S\u00e4le &#038; R\u00e4umlichkeiten","author":"Beatrix Lehner","date":"January 16, 2019","format":false,"excerpt":"Freskensaal Der Freskensaal mit seinem barocken Ambiente und dem ber\u00fchmten Deckenfresko von Franz Anton Maulbertsch bildet das Herzst\u00fcck des Schlosses. Ob Hochzeiten oder Firmenfeste, der historische Prunksaal verleiht jeder Veranstaltung ein edles Flair und wird dank seiner hervorragenden Akustik auch gerne als Veranstaltungsort f\u00fcr Konzerte genutzt. Maestoso, Neapolitano & Conversano\u2026","rel":"","context":"Similar post","block_context":{"text":"Similar post","link":""},"img":{"alt_text":"","src":"https:\/\/i0.wp.com\/schlosshalbturn.com\/wp-content\/uploads\/2019\/01\/Header.jpg?fit=1200%2C600&ssl=1&resize=350%2C200","width":350,"height":200,"srcset":"https:\/\/i0.wp.com\/schlosshalbturn.com\/wp-content\/uploads\/2019\/01\/Header.jpg?fit=1200%2C600&ssl=1&resize=350%2C200 1x, https:\/\/i0.wp.com\/schlosshalbturn.com\/wp-content\/uploads\/2019\/01\/Header.jpg?fit=1200%2C600&ssl=1&resize=525%2C300 1.5x, https:\/\/i0.wp.com\/schlosshalbturn.com\/wp-content\/uploads\/2019\/01\/Header.jpg?fit=1200%2C600&ssl=1&resize=700%2C400 2x, https:\/\/i0.wp.com\/schlosshalbturn.com\/wp-content\/uploads\/2019\/01\/Header.jpg?fit=1200%2C600&ssl=1&resize=1050%2C600 3x"},"classes":[]},{"id":45,"url":"https:\/\/schlosshalbturn.com\/schlosskonzerte\/","url_meta":{"origin":2490,"position":1},"title":"Schlosskonzerte","author":"Beatrix Lehner","date":"January 16, 2019","format":false,"excerpt":"Halbturner Schlosskonzerte 2026 Auch im Jahr 2026 laden die Halbturner Schlosskonzerte Sie ein, auf eine musikalische Reise durch die Welt der klassischen Musik zu gehen. Die \u00e4lteste Konzertreihe des Burgenlandes begeistert mit anspruchsvollen Musikgen\u00fcssen, dargeboten von herausragenden nationalen und internationalen K\u00fcnstlerinnen und K\u00fcnstlern. Die Konzerte finden dieses Jahr in den\u2026","rel":"","context":"Similar post","block_context":{"text":"Similar post","link":""},"img":{"alt_text":"","src":"https:\/\/i0.wp.com\/schlosshalbturn.com\/wp-content\/uploads\/2019\/01\/Header.jpg?fit=1200%2C600&ssl=1&resize=350%2C200","width":350,"height":200,"srcset":"https:\/\/i0.wp.com\/schlosshalbturn.com\/wp-content\/uploads\/2019\/01\/Header.jpg?fit=1200%2C600&ssl=1&resize=350%2C200 1x, https:\/\/i0.wp.com\/schlosshalbturn.com\/wp-content\/uploads\/2019\/01\/Header.jpg?fit=1200%2C600&ssl=1&resize=525%2C300 1.5x, https:\/\/i0.wp.com\/schlosshalbturn.com\/wp-content\/uploads\/2019\/01\/Header.jpg?fit=1200%2C600&ssl=1&resize=700%2C400 2x, https:\/\/i0.wp.com\/schlosshalbturn.com\/wp-content\/uploads\/2019\/01\/Header.jpg?fit=1200%2C600&ssl=1&resize=1050%2C600 3x"},"classes":[]},{"id":2541,"url":"https:\/\/schlosshalbturn.com\/en\/schlosskonzerte\/","url_meta":{"origin":2490,"position":2},"title":"Concerts","author":"Beatrix Lehner","date":"January 16, 2019","format":false,"excerpt":"Halbturner Schlosskonzerte 2026 In 2026, the Halbturner Schlosskonzerte will once again invite you to embark on a musical journey through the world of classical music. Burgenland's oldest concert series will captivate you with sophisticated musical delights, performed by outstanding national and international artists. This year, the concerts will take place\u2026","rel":"","context":"Similar post","block_context":{"text":"Similar post","link":""},"img":{"alt_text":"","src":"https:\/\/i0.wp.com\/schlosshalbturn.com\/wp-content\/uploads\/2019\/01\/Header.jpg?fit=1200%2C600&ssl=1&resize=350%2C200","width":350,"height":200,"srcset":"https:\/\/i0.wp.com\/schlosshalbturn.com\/wp-content\/uploads\/2019\/01\/Header.jpg?fit=1200%2C600&ssl=1&resize=350%2C200 1x, https:\/\/i0.wp.com\/schlosshalbturn.com\/wp-content\/uploads\/2019\/01\/Header.jpg?fit=1200%2C600&ssl=1&resize=525%2C300 1.5x, https:\/\/i0.wp.com\/schlosshalbturn.com\/wp-content\/uploads\/2019\/01\/Header.jpg?fit=1200%2C600&ssl=1&resize=700%2C400 2x, https:\/\/i0.wp.com\/schlosshalbturn.com\/wp-content\/uploads\/2019\/01\/Header.jpg?fit=1200%2C600&ssl=1&resize=1050%2C600 3x"},"classes":[]},{"id":63,"url":"https:\/\/schlosshalbturn.com\/film-fotolocation\/","url_meta":{"origin":2490,"position":3},"title":"Film- &#038; Fotolocation","author":"Beatrix Lehner","date":"January 16, 2019","format":false,"excerpt":"Sie sind auf der Suche nach einer passenden Location f\u00fcr ein Film- oder Fotoshooting? Das geschichtstr\u00e4chtige Anwesen von Schloss Halbturn, mit seinem prachtvollen Freskensaal sowie dem barocken Garten und der weitl\u00e4ufigen Parklandschaft, bietet die optimale Kulisse f\u00fcr Ihre Film- und Fotoaufnahmen jeder Art. F\u00fcr Ihre Shootinganfrage nehmen Sie gerne Kontakt\u2026","rel":"","context":"Similar post","block_context":{"text":"Similar post","link":""},"img":{"alt_text":"","src":"https:\/\/i0.wp.com\/schlosshalbturn.com\/wp-content\/uploads\/2019\/01\/Header.jpg?fit=1200%2C600&ssl=1&resize=350%2C200","width":350,"height":200,"srcset":"https:\/\/i0.wp.com\/schlosshalbturn.com\/wp-content\/uploads\/2019\/01\/Header.jpg?fit=1200%2C600&ssl=1&resize=350%2C200 1x, https:\/\/i0.wp.com\/schlosshalbturn.com\/wp-content\/uploads\/2019\/01\/Header.jpg?fit=1200%2C600&ssl=1&resize=525%2C300 1.5x, https:\/\/i0.wp.com\/schlosshalbturn.com\/wp-content\/uploads\/2019\/01\/Header.jpg?fit=1200%2C600&ssl=1&resize=700%2C400 2x, https:\/\/i0.wp.com\/schlosshalbturn.com\/wp-content\/uploads\/2019\/01\/Header.jpg?fit=1200%2C600&ssl=1&resize=1050%2C600 3x"},"classes":[]},{"id":2492,"url":"https:\/\/schlosshalbturn.com\/en\/hochzeiten\/","url_meta":{"origin":2490,"position":4},"title":"Weddings","author":"Beatrix Lehner","date":"January 16, 2019","format":false,"excerpt":"Your special day at Schloss Halbturn Even in the history of the Habsburgs Schloss Halbturn was the scene of great love stories. The extraordinary elegance of the romantic baroque castle in Burgenland with its idyllic castle park offers the perfect setting to make your wedding the most beautiful day of\u2026","rel":"","context":"Similar post","block_context":{"text":"Similar post","link":""},"img":{"alt_text":"","src":"https:\/\/i0.wp.com\/schlosshalbturn.com\/wp-content\/uploads\/2019\/01\/Header.jpg?fit=1200%2C600&ssl=1&resize=350%2C200","width":350,"height":200,"srcset":"https:\/\/i0.wp.com\/schlosshalbturn.com\/wp-content\/uploads\/2019\/01\/Header.jpg?fit=1200%2C600&ssl=1&resize=350%2C200 1x, https:\/\/i0.wp.com\/schlosshalbturn.com\/wp-content\/uploads\/2019\/01\/Header.jpg?fit=1200%2C600&ssl=1&resize=525%2C300 1.5x, https:\/\/i0.wp.com\/schlosshalbturn.com\/wp-content\/uploads\/2019\/01\/Header.jpg?fit=1200%2C600&ssl=1&resize=700%2C400 2x, https:\/\/i0.wp.com\/schlosshalbturn.com\/wp-content\/uploads\/2019\/01\/Header.jpg?fit=1200%2C600&ssl=1&resize=1050%2C600 3x"},"classes":[]},{"id":2485,"url":"https:\/\/schlosshalbturn.com\/en\/besucherinformationen\/","url_meta":{"origin":2490,"position":5},"title":"Visitor Information","author":"Beatrix Lehner","date":"January 16, 2019","format":false,"excerpt":"Areal of Schloss Halbturn Opening hours ParkOpen all year around the clock LOVE & POWER \u2013 Behind the Scenes of the Congress of Vienna 1814\/1529th April \u2013 1st November 2026 TUE to SUN\/Public Holidays 10 a.m. \u2013 5p.m.(subject to change) How to find us Halbturn Castle is located in the\u2026","rel":"","context":"Similar post","block_context":{"text":"Similar post","link":""},"img":{"alt_text":"","src":"https:\/\/i0.wp.com\/schlosshalbturn.com\/wp-content\/uploads\/2019\/01\/Header.jpg?fit=1200%2C600&ssl=1&resize=350%2C200","width":350,"height":200,"srcset":"https:\/\/i0.wp.com\/schlosshalbturn.com\/wp-content\/uploads\/2019\/01\/Header.jpg?fit=1200%2C600&ssl=1&resize=350%2C200 1x, https:\/\/i0.wp.com\/schlosshalbturn.com\/wp-content\/uploads\/2019\/01\/Header.jpg?fit=1200%2C600&ssl=1&resize=525%2C300 1.5x, https:\/\/i0.wp.com\/schlosshalbturn.com\/wp-content\/uploads\/2019\/01\/Header.jpg?fit=1200%2C600&ssl=1&resize=700%2C400 2x, https:\/\/i0.wp.com\/schlosshalbturn.com\/wp-content\/uploads\/2019\/01\/Header.jpg?fit=1200%2C600&ssl=1&resize=1050%2C600 3x"},"classes":[]}],"_links":{"self":[{"href":"https:\/\/schlosshalbturn.com\/en\/wp-json\/wp\/v2\/pages\/2490","targetHints":{"allow":["GET"]}}],"collection":[{"href":"https:\/\/schlosshalbturn.com\/en\/wp-json\/wp\/v2\/pages"}],"about":[{"href":"https:\/\/schlosshalbturn.com\/en\/wp-json\/wp\/v2\/types\/page"}],"author":[{"embeddable":true,"href":"https:\/\/schlosshalbturn.com\/en\/wp-json\/wp\/v2\/users\/2"}],"replies":[{"embeddable":true,"href":"https:\/\/schlosshalbturn.com\/en\/wp-json\/wp\/v2\/comments?post=2490"}],"version-history":[{"count":2,"href":"https:\/\/schlosshalbturn.com\/en\/wp-json\/wp\/v2\/pages\/2490\/revisions"}],"predecessor-version":[{"id":2652,"href":"https:\/\/schlosshalbturn.com\/en\/wp-json\/wp\/v2\/pages\/2490\/revisions\/2652"}],"wp:featuredmedia":[{"embeddable":true,"href":"https:\/\/schlosshalbturn.com\/en\/wp-json\/wp\/v2\/media\/2250"}],"wp:attachment":[{"href":"https:\/\/schlosshalbturn.com\/en\/wp-json\/wp\/v2\/media?parent=2490"}],"curies":[{"name":"wp","href":"https:\/\/api.w.org\/{rel}","templated":true}]}}