{"id":2494,"date":"2019-01-16T13:19:21","date_gmt":"2019-01-16T13:19:21","guid":{"rendered":"http:\/\/schlosshalbturn.com\/?page_id=2494"},"modified":"2022-01-21T09:18:45","modified_gmt":"2022-01-21T09:18:45","slug":"essen-schlafen","status":"publish","type":"page","link":"https:\/\/schlosshalbturn.com\/en\/essen-schlafen\/","title":{"rendered":"Eat &#038; Sleep"},"content":{"rendered":"\n<h2 class=\"wp-block-heading\">Restaurant &#8220;Knappenst\u00f6ckl&#8221;<\/h2>\n\n\n\n<p>Seasonality and regionality of the food have a high priority in the restaurant &#8220;Knappenst\u00f6ckl&#8221;. Traditional and regional delicacies are made from sun-ripened vegetables from the Seewinkel, organic cattle from the national park, fish from the Neusiedler See and game from the castle&#8217;s own hunt. <\/p>\n\n\n\n<figure class=\"wp-block-image is-resized\"><span class=\"image-container wp-image-2079\"><img data-recalc-dims=\"1\" loading=\"lazy\" decoding=\"async\" src=\"https:\/\/i0.wp.com\/schlosshalbturn.com\/wp-content\/uploads\/2019\/05\/CKW-Schmankerlwirte-kl.jpg?resize=512%2C494&#038;ssl=1\" alt=\"\" class=\"wp-image-2079\" width=\"512\" height=\"494\" srcset=\"https:\/\/i0.wp.com\/schlosshalbturn.com\/wp-content\/uploads\/2019\/05\/CKW-Schmankerlwirte-kl.jpg?resize=1024%2C987&amp;ssl=1 1024w, https:\/\/i0.wp.com\/schlosshalbturn.com\/wp-content\/uploads\/2019\/05\/CKW-Schmankerlwirte-kl.jpg?resize=300%2C289&amp;ssl=1 300w, https:\/\/i0.wp.com\/schlosshalbturn.com\/wp-content\/uploads\/2019\/05\/CKW-Schmankerlwirte-kl.jpg?resize=768%2C740&amp;ssl=1 768w, https:\/\/i0.wp.com\/schlosshalbturn.com\/wp-content\/uploads\/2019\/05\/CKW-Schmankerlwirte-kl.jpg?w=1384&amp;ssl=1 1384w, https:\/\/i0.wp.com\/schlosshalbturn.com\/wp-content\/uploads\/2019\/05\/CKW-Schmankerlwirte-kl.jpg?w=1280&amp;ssl=1 1280w\" sizes=\"auto, (max-width: 512px) 100vw, 512px\" \/><\/span><\/figure>\n\n\n\n<p>Table reservation: <br>+43 2172 82390, <a href=\"mailto:info@knappenstoeckl.at\">info@knappenstoeckl.at<\/a>, <a href=\"https:\/\/www.restaurant-wieser.at\/en\" target=\"_blank\" rel=\"noreferrer noopener\">www.restaurant-wieser.at<\/a><\/p>\n\n\n\n<div style=\"height:100px\" aria-hidden=\"true\" class=\"wp-block-spacer\"><\/div>\n\n\n\n<h2 class=\"wp-block-heading\">Spend the night in the castle<\/h2>\n\n\n\n<p>Immerse yourself in a bygone time and leave everyday life behind. Find peace and rest, recharge your batteries in the former summer residence of Maria Theresa. Enjoy the baroque ambience surrounded by the beautiful castle park.<\/p>\n\n\n\n<figure class=\"wp-block-image is-resized\"><span class=\"image-container wp-image-781\"><img data-recalc-dims=\"1\" loading=\"lazy\" decoding=\"async\" src=\"https:\/\/i0.wp.com\/schlosshalbturn.com\/wp-content\/uploads\/2019\/02\/check-in.jpg?resize=481%2C320&#038;ssl=1\" alt=\"\" class=\"wp-image-781\" width=\"481\" height=\"320\"\/><\/span><\/figure>\n\n\n\n<p class=\"has-medium-font-size\"><strong>Hotel &#8220;Knappenst\u00f6ckl&#8221;<\/strong><\/p>\n\n\n\n<p>Family Wieser <br>+43 2172 82390, <a href=\"mailto:info@knappenstoeckl.at\">info@knappenstoeckl.at<\/a>,  <a href=\"https:\/\/www.restaurant-wieser.at\/\">www.knappenstoeckl.at<\/a><\/p>\n\n\n\n<hr class=\"wp-block-separator\"\/>\n\n\n\n<p><br><\/p>\n","protected":false},"excerpt":{"rendered":"<p>Restaurant &#8220;Knappenst\u00f6ckl&#8221; Seasonality and regionality of the food have a high priority in the restaurant &#8220;Knappenst\u00f6ckl&#8221;. Traditional and regional delicacies are made from sun-ripened vegetables from the Seewinkel, organic cattle from the national park, fish from the Neusiedler See and game from the castle&#8217;s own hunt. Table reservation: +43 2172 82390, info@knappenstoeckl.at, www.restaurant-wieser.at Spend the night in the castle Immerse yourself in a bygone&#8230; <a class=\"read-more\" href=\"https:\/\/schlosshalbturn.com\/en\/essen-schlafen\/\">Read More<\/a><\/p>\n","protected":false},"author":2,"featured_media":2250,"parent":0,"menu_order":0,"comment_status":"closed","ping_status":"closed","template":"template-full.php","meta":{"footnotes":""},"class_list":["post-2494","page","type-page","status-publish","has-post-thumbnail","hentry"],"yoast_head":"<!-- This site is optimized with the Yoast SEO plugin v27.5 - https:\/\/yoast.com\/product\/yoast-seo-wordpress\/ -->\n<title>Eat &amp; stay in the castle Halbturn - unforgettable &amp; unique<\/title>\n<meta name=\"description\" content=\"Eat &amp; stay overnight at Halbturn Castle. Enjoy meals from the restaurant &quot;Knappenst\u00f6ckl&quot; &amp; recharge your batteries in our summer residence!\" \/>\n<meta name=\"robots\" content=\"index, follow, max-snippet:-1, max-image-preview:large, max-video-preview:-1\" \/>\n<link rel=\"canonical\" href=\"https:\/\/schlosshalbturn.com\/en\/essen-schlafen\/\" \/>\n<meta property=\"og:locale\" content=\"en_US\" \/>\n<meta property=\"og:type\" content=\"article\" \/>\n<meta property=\"og:title\" content=\"Eat &amp; stay in the castle Halbturn - unforgettable &amp; unique\" \/>\n<meta property=\"og:description\" content=\"Eat &amp; stay overnight at Halbturn Castle. Enjoy meals from the restaurant &quot;Knappenst\u00f6ckl&quot; &amp; recharge your batteries in our summer residence!\" \/>\n<meta property=\"og:url\" content=\"https:\/\/schlosshalbturn.com\/en\/essen-schlafen\/\" \/>\n<meta property=\"og:site_name\" content=\"Schloss Halbturn\" \/>\n<meta property=\"article:modified_time\" content=\"2022-01-21T09:18:45+00:00\" \/>\n<meta property=\"og:image\" content=\"https:\/\/schlosshalbturn.com\/wp-content\/uploads\/2019\/01\/Header-1024x512.jpg\" \/>\n\t<meta property=\"og:image:width\" content=\"1024\" \/>\n\t<meta property=\"og:image:height\" content=\"512\" \/>\n\t<meta property=\"og:image:type\" content=\"image\/jpeg\" \/>\n<meta name=\"twitter:card\" content=\"summary_large_image\" \/>\n<meta name=\"twitter:label1\" content=\"Est. reading time\" \/>\n\t<meta name=\"twitter:data1\" content=\"1 minute\" \/>\n<script type=\"application\/ld+json\" class=\"yoast-schema-graph\">{\"@context\":\"https:\\\/\\\/schema.org\",\"@graph\":[{\"@type\":\"WebPage\",\"@id\":\"https:\\\/\\\/schlosshalbturn.com\\\/en\\\/essen-schlafen\\\/\",\"url\":\"https:\\\/\\\/schlosshalbturn.com\\\/en\\\/essen-schlafen\\\/\",\"name\":\"Eat & stay in the castle Halbturn - unforgettable & unique\",\"isPartOf\":{\"@id\":\"https:\\\/\\\/schlosshalbturn.com\\\/#website\"},\"primaryImageOfPage\":{\"@id\":\"https:\\\/\\\/schlosshalbturn.com\\\/en\\\/essen-schlafen\\\/#primaryimage\"},\"image\":{\"@id\":\"https:\\\/\\\/schlosshalbturn.com\\\/en\\\/essen-schlafen\\\/#primaryimage\"},\"thumbnailUrl\":\"https:\\\/\\\/i0.wp.com\\\/schlosshalbturn.com\\\/wp-content\\\/uploads\\\/2019\\\/01\\\/Header.jpg?fit=3000%2C1500&ssl=1\",\"datePublished\":\"2019-01-16T13:19:21+00:00\",\"dateModified\":\"2022-01-21T09:18:45+00:00\",\"description\":\"Eat & stay overnight at Halbturn Castle. Enjoy meals from the restaurant \\\"Knappenst\u00f6ckl\\\" & recharge your batteries in our summer residence!\",\"breadcrumb\":{\"@id\":\"https:\\\/\\\/schlosshalbturn.com\\\/en\\\/essen-schlafen\\\/#breadcrumb\"},\"inLanguage\":\"en-US\",\"potentialAction\":[{\"@type\":\"ReadAction\",\"target\":[\"https:\\\/\\\/schlosshalbturn.com\\\/en\\\/essen-schlafen\\\/\"]}]},{\"@type\":\"ImageObject\",\"inLanguage\":\"en-US\",\"@id\":\"https:\\\/\\\/schlosshalbturn.com\\\/en\\\/essen-schlafen\\\/#primaryimage\",\"url\":\"https:\\\/\\\/i0.wp.com\\\/schlosshalbturn.com\\\/wp-content\\\/uploads\\\/2019\\\/01\\\/Header.jpg?fit=3000%2C1500&ssl=1\",\"contentUrl\":\"https:\\\/\\\/i0.wp.com\\\/schlosshalbturn.com\\\/wp-content\\\/uploads\\\/2019\\\/01\\\/Header.jpg?fit=3000%2C1500&ssl=1\",\"width\":3000,\"height\":1500},{\"@type\":\"BreadcrumbList\",\"@id\":\"https:\\\/\\\/schlosshalbturn.com\\\/en\\\/essen-schlafen\\\/#breadcrumb\",\"itemListElement\":[{\"@type\":\"ListItem\",\"position\":1,\"name\":\"Startseite\",\"item\":\"https:\\\/\\\/schlosshalbturn.com\\\/en\\\/\"},{\"@type\":\"ListItem\",\"position\":2,\"name\":\"Eat &#038; Sleep\"}]},{\"@type\":\"WebSite\",\"@id\":\"https:\\\/\\\/schlosshalbturn.com\\\/#website\",\"url\":\"https:\\\/\\\/schlosshalbturn.com\\\/\",\"name\":\"Schloss Halbturn\",\"description\":\"\",\"potentialAction\":[{\"@type\":\"SearchAction\",\"target\":{\"@type\":\"EntryPoint\",\"urlTemplate\":\"https:\\\/\\\/schlosshalbturn.com\\\/?s={search_term_string}\"},\"query-input\":{\"@type\":\"PropertyValueSpecification\",\"valueRequired\":true,\"valueName\":\"search_term_string\"}}],\"inLanguage\":\"en-US\"}]}<\/script>\n<!-- \/ Yoast SEO plugin. -->","yoast_head_json":{"title":"Eat & stay in the castle Halbturn - unforgettable & unique","description":"Eat & stay overnight at Halbturn Castle. Enjoy meals from the restaurant \"Knappenst\u00f6ckl\" & recharge your batteries in our summer residence!","robots":{"index":"index","follow":"follow","max-snippet":"max-snippet:-1","max-image-preview":"max-image-preview:large","max-video-preview":"max-video-preview:-1"},"canonical":"https:\/\/schlosshalbturn.com\/en\/essen-schlafen\/","og_locale":"en_US","og_type":"article","og_title":"Eat & stay in the castle Halbturn - unforgettable & unique","og_description":"Eat & stay overnight at Halbturn Castle. Enjoy meals from the restaurant \"Knappenst\u00f6ckl\" & recharge your batteries in our summer residence!","og_url":"https:\/\/schlosshalbturn.com\/en\/essen-schlafen\/","og_site_name":"Schloss Halbturn","article_modified_time":"2022-01-21T09:18:45+00:00","og_image":[{"width":1024,"height":512,"url":"https:\/\/schlosshalbturn.com\/wp-content\/uploads\/2019\/01\/Header-1024x512.jpg","type":"image\/jpeg"}],"twitter_card":"summary_large_image","twitter_misc":{"Est. reading time":"1 minute"},"schema":{"@context":"https:\/\/schema.org","@graph":[{"@type":"WebPage","@id":"https:\/\/schlosshalbturn.com\/en\/essen-schlafen\/","url":"https:\/\/schlosshalbturn.com\/en\/essen-schlafen\/","name":"Eat & stay in the castle Halbturn - unforgettable & unique","isPartOf":{"@id":"https:\/\/schlosshalbturn.com\/#website"},"primaryImageOfPage":{"@id":"https:\/\/schlosshalbturn.com\/en\/essen-schlafen\/#primaryimage"},"image":{"@id":"https:\/\/schlosshalbturn.com\/en\/essen-schlafen\/#primaryimage"},"thumbnailUrl":"https:\/\/i0.wp.com\/schlosshalbturn.com\/wp-content\/uploads\/2019\/01\/Header.jpg?fit=3000%2C1500&ssl=1","datePublished":"2019-01-16T13:19:21+00:00","dateModified":"2022-01-21T09:18:45+00:00","description":"Eat & stay overnight at Halbturn Castle. Enjoy meals from the restaurant \"Knappenst\u00f6ckl\" & recharge your batteries in our summer residence!","breadcrumb":{"@id":"https:\/\/schlosshalbturn.com\/en\/essen-schlafen\/#breadcrumb"},"inLanguage":"en-US","potentialAction":[{"@type":"ReadAction","target":["https:\/\/schlosshalbturn.com\/en\/essen-schlafen\/"]}]},{"@type":"ImageObject","inLanguage":"en-US","@id":"https:\/\/schlosshalbturn.com\/en\/essen-schlafen\/#primaryimage","url":"https:\/\/i0.wp.com\/schlosshalbturn.com\/wp-content\/uploads\/2019\/01\/Header.jpg?fit=3000%2C1500&ssl=1","contentUrl":"https:\/\/i0.wp.com\/schlosshalbturn.com\/wp-content\/uploads\/2019\/01\/Header.jpg?fit=3000%2C1500&ssl=1","width":3000,"height":1500},{"@type":"BreadcrumbList","@id":"https:\/\/schlosshalbturn.com\/en\/essen-schlafen\/#breadcrumb","itemListElement":[{"@type":"ListItem","position":1,"name":"Startseite","item":"https:\/\/schlosshalbturn.com\/en\/"},{"@type":"ListItem","position":2,"name":"Eat &#038; Sleep"}]},{"@type":"WebSite","@id":"https:\/\/schlosshalbturn.com\/#website","url":"https:\/\/schlosshalbturn.com\/","name":"Schloss Halbturn","description":"","potentialAction":[{"@type":"SearchAction","target":{"@type":"EntryPoint","urlTemplate":"https:\/\/schlosshalbturn.com\/?s={search_term_string}"},"query-input":{"@type":"PropertyValueSpecification","valueRequired":true,"valueName":"search_term_string"}}],"inLanguage":"en-US"}]}},"jetpack_sharing_enabled":true,"jetpack_shortlink":"https:\/\/wp.me\/Pb6NRs-Ee","jetpack-related-posts":[{"id":53,"url":"https:\/\/schlosshalbturn.com\/essen-schlafen\/","url_meta":{"origin":2494,"position":0},"title":"Essen &#038; Schlafen","author":"Beatrix Lehner","date":"January 16, 2019","format":false,"excerpt":"Restaurant \"Knappenst\u00f6ckl\" Saisonalit\u00e4t und Regionali\u00adt\u00e4t der Lebensmittel haben im Restaurant \"Knappenst\u00f6ckl\" einen hohen Stellenwert. Sonnengereiftes Gem\u00fcse aus dem Seewinkel, Bio-Rind aus dem National\u00adpark, Fisch aus dem Neusiedler See und Wild aus der schlosseigenen Jagd werden vom K\u00fcchenteam f\u00fcr Sie sowohl zu traditionell pannonischen, als auch zu regional klassischen K\u00f6stlichkeiten zubereitet.\u2026","rel":"","context":"Similar post","block_context":{"text":"Similar post","link":""},"img":{"alt_text":"","src":"https:\/\/i0.wp.com\/schlosshalbturn.com\/wp-content\/uploads\/2019\/01\/Header.jpg?fit=1200%2C600&ssl=1&resize=350%2C200","width":350,"height":200,"srcset":"https:\/\/i0.wp.com\/schlosshalbturn.com\/wp-content\/uploads\/2019\/01\/Header.jpg?fit=1200%2C600&ssl=1&resize=350%2C200 1x, https:\/\/i0.wp.com\/schlosshalbturn.com\/wp-content\/uploads\/2019\/01\/Header.jpg?fit=1200%2C600&ssl=1&resize=525%2C300 1.5x, https:\/\/i0.wp.com\/schlosshalbturn.com\/wp-content\/uploads\/2019\/01\/Header.jpg?fit=1200%2C600&ssl=1&resize=700%2C400 2x, https:\/\/i0.wp.com\/schlosshalbturn.com\/wp-content\/uploads\/2019\/01\/Header.jpg?fit=1200%2C600&ssl=1&resize=1050%2C600 3x"},"classes":[]},{"id":2485,"url":"https:\/\/schlosshalbturn.com\/en\/besucherinformationen\/","url_meta":{"origin":2494,"position":1},"title":"Visitor Information","author":"Beatrix Lehner","date":"January 16, 2019","format":false,"excerpt":"Areal of Schloss Halbturn Opening hours ParkOpen all year around the clock LOVE & POWER \u2013 Behind the Scenes of the Congress of Vienna 1814\/1529th April \u2013 1st November 2026 TUE to SUN\/Public Holidays 10 a.m. \u2013 5p.m.(subject to change) How to find us Halbturn Castle is located in the\u2026","rel":"","context":"Similar post","block_context":{"text":"Similar post","link":""},"img":{"alt_text":"","src":"https:\/\/i0.wp.com\/schlosshalbturn.com\/wp-content\/uploads\/2019\/01\/Header.jpg?fit=1200%2C600&ssl=1&resize=350%2C200","width":350,"height":200,"srcset":"https:\/\/i0.wp.com\/schlosshalbturn.com\/wp-content\/uploads\/2019\/01\/Header.jpg?fit=1200%2C600&ssl=1&resize=350%2C200 1x, https:\/\/i0.wp.com\/schlosshalbturn.com\/wp-content\/uploads\/2019\/01\/Header.jpg?fit=1200%2C600&ssl=1&resize=525%2C300 1.5x, https:\/\/i0.wp.com\/schlosshalbturn.com\/wp-content\/uploads\/2019\/01\/Header.jpg?fit=1200%2C600&ssl=1&resize=700%2C400 2x, https:\/\/i0.wp.com\/schlosshalbturn.com\/wp-content\/uploads\/2019\/01\/Header.jpg?fit=1200%2C600&ssl=1&resize=1050%2C600 3x"},"classes":[]},{"id":2543,"url":"https:\/\/schlosshalbturn.com\/en\/weihnachtsmarkt\/","url_meta":{"origin":2494,"position":2},"title":"Christmas Market","author":"Beatrix Lehner","date":"January 16, 2019","format":false,"excerpt":"Pannonian Christmas Market A celebration for the whole family with punch, delicacies and a festive program 4th\/5th\/6th December & 11th\/12th\/13th December 2026 from 1 p.m. to 7 p.m.Free Entry! On two weekends in Advent, the Christmas atmosphere will enchant the walls of the magnificent baroque castle and the sThe atmospheric\u2026","rel":"","context":"Similar post","block_context":{"text":"Similar post","link":""},"img":{"alt_text":"","src":"https:\/\/i0.wp.com\/schlosshalbturn.com\/wp-content\/uploads\/2019\/01\/Header.jpg?fit=1200%2C600&ssl=1&resize=350%2C200","width":350,"height":200,"srcset":"https:\/\/i0.wp.com\/schlosshalbturn.com\/wp-content\/uploads\/2019\/01\/Header.jpg?fit=1200%2C600&ssl=1&resize=350%2C200 1x, https:\/\/i0.wp.com\/schlosshalbturn.com\/wp-content\/uploads\/2019\/01\/Header.jpg?fit=1200%2C600&ssl=1&resize=525%2C300 1.5x, https:\/\/i0.wp.com\/schlosshalbturn.com\/wp-content\/uploads\/2019\/01\/Header.jpg?fit=1200%2C600&ssl=1&resize=700%2C400 2x, https:\/\/i0.wp.com\/schlosshalbturn.com\/wp-content\/uploads\/2019\/01\/Header.jpg?fit=1200%2C600&ssl=1&resize=1050%2C600 3x"},"classes":[]},{"id":2483,"url":"https:\/\/schlosshalbturn.com\/en\/impressum\/","url_meta":{"origin":2494,"position":3},"title":"Imprint","author":"Beatrix Lehner","date":"January 17, 2019","format":false,"excerpt":"Media Owner & Publisher G\u00fcterdirektion Schloss Halbturn Parkstra\u00dfe 4 A-7131 Halbturn T: +43 \/ (0)2172 \/ 8594 F: +43 \/ (0)2172 \/ 8594-3 E: office@schlosshalbturn.com Kulturverein Schloss Halbturn Parkstra\u00dfe 4 A-7131 Halbturn T: +43 \/ (0)2172 \/ 8594 F: +43 \/ (0)2172 \/ 8594-3 E: kulturverein@schlosshalbturn.com Photos: Beatrix Lehner, Emmerich\u2026","rel":"","context":"Similar post","block_context":{"text":"Similar post","link":""},"img":{"alt_text":"","src":"https:\/\/i0.wp.com\/schlosshalbturn.com\/wp-content\/uploads\/2019\/01\/Header.jpg?fit=1200%2C600&ssl=1&resize=350%2C200","width":350,"height":200,"srcset":"https:\/\/i0.wp.com\/schlosshalbturn.com\/wp-content\/uploads\/2019\/01\/Header.jpg?fit=1200%2C600&ssl=1&resize=350%2C200 1x, https:\/\/i0.wp.com\/schlosshalbturn.com\/wp-content\/uploads\/2019\/01\/Header.jpg?fit=1200%2C600&ssl=1&resize=525%2C300 1.5x, https:\/\/i0.wp.com\/schlosshalbturn.com\/wp-content\/uploads\/2019\/01\/Header.jpg?fit=1200%2C600&ssl=1&resize=700%2C400 2x, https:\/\/i0.wp.com\/schlosshalbturn.com\/wp-content\/uploads\/2019\/01\/Header.jpg?fit=1200%2C600&ssl=1&resize=1050%2C600 3x"},"classes":[]},{"id":2538,"url":"https:\/\/schlosshalbturn.com\/en\/ausstellung\/","url_meta":{"origin":2494,"position":4},"title":"Exhibition","author":"Beatrix Lehner","date":"January 16, 2019","format":false,"excerpt":"Love & Influence \u2013 Behind the Scenes of the Congress of Vienna 1814\/15 April 29th - November 1st 2026, Tue to Sun\/public holidays 10 a.m. - 5 p.m.(subject to change) After Napoleon\u2019s defeat, the crowned heads of Europe gathered in Vienna in the autumn of 1814 at the invitation of\u2026","rel":"","context":"Similar post","block_context":{"text":"Similar post","link":""},"img":{"alt_text":"","src":"https:\/\/i0.wp.com\/schlosshalbturn.com\/wp-content\/uploads\/2019\/01\/Header.jpg?fit=1200%2C600&ssl=1&resize=350%2C200","width":350,"height":200,"srcset":"https:\/\/i0.wp.com\/schlosshalbturn.com\/wp-content\/uploads\/2019\/01\/Header.jpg?fit=1200%2C600&ssl=1&resize=350%2C200 1x, https:\/\/i0.wp.com\/schlosshalbturn.com\/wp-content\/uploads\/2019\/01\/Header.jpg?fit=1200%2C600&ssl=1&resize=525%2C300 1.5x, https:\/\/i0.wp.com\/schlosshalbturn.com\/wp-content\/uploads\/2019\/01\/Header.jpg?fit=1200%2C600&ssl=1&resize=700%2C400 2x, https:\/\/i0.wp.com\/schlosshalbturn.com\/wp-content\/uploads\/2019\/01\/Header.jpg?fit=1200%2C600&ssl=1&resize=1050%2C600 3x"},"classes":[]},{"id":2487,"url":"https:\/\/schlosshalbturn.com\/en\/geschichte\/","url_meta":{"origin":2494,"position":5},"title":"History","author":"Beatrix Lehner","date":"January 16, 2019","format":false,"excerpt":"1540 Queen Maria of Hungary, widow of King Louis II, fled from the Turks in Budapest and took up residence at her widow's estate, Halbturn Castle, along with the property of Hungarian Altenburg (Magyar\u00f3v\u00e1r). Thus, her royal horses also found a new home in Halbturn. 1711 Halbturn Castle was built\u2026","rel":"","context":"Similar post","block_context":{"text":"Similar post","link":""},"img":{"alt_text":"","src":"https:\/\/i0.wp.com\/schlosshalbturn.com\/wp-content\/uploads\/2019\/01\/Header.jpg?fit=1200%2C600&ssl=1&resize=350%2C200","width":350,"height":200,"srcset":"https:\/\/i0.wp.com\/schlosshalbturn.com\/wp-content\/uploads\/2019\/01\/Header.jpg?fit=1200%2C600&ssl=1&resize=350%2C200 1x, https:\/\/i0.wp.com\/schlosshalbturn.com\/wp-content\/uploads\/2019\/01\/Header.jpg?fit=1200%2C600&ssl=1&resize=525%2C300 1.5x, https:\/\/i0.wp.com\/schlosshalbturn.com\/wp-content\/uploads\/2019\/01\/Header.jpg?fit=1200%2C600&ssl=1&resize=700%2C400 2x, https:\/\/i0.wp.com\/schlosshalbturn.com\/wp-content\/uploads\/2019\/01\/Header.jpg?fit=1200%2C600&ssl=1&resize=1050%2C600 3x"},"classes":[]}],"_links":{"self":[{"href":"https:\/\/schlosshalbturn.com\/en\/wp-json\/wp\/v2\/pages\/2494","targetHints":{"allow":["GET"]}}],"collection":[{"href":"https:\/\/schlosshalbturn.com\/en\/wp-json\/wp\/v2\/pages"}],"about":[{"href":"https:\/\/schlosshalbturn.com\/en\/wp-json\/wp\/v2\/types\/page"}],"author":[{"embeddable":true,"href":"https:\/\/schlosshalbturn.com\/en\/wp-json\/wp\/v2\/users\/2"}],"replies":[{"embeddable":true,"href":"https:\/\/schlosshalbturn.com\/en\/wp-json\/wp\/v2\/comments?post=2494"}],"version-history":[{"count":4,"href":"https:\/\/schlosshalbturn.com\/en\/wp-json\/wp\/v2\/pages\/2494\/revisions"}],"predecessor-version":[{"id":6198,"href":"https:\/\/schlosshalbturn.com\/en\/wp-json\/wp\/v2\/pages\/2494\/revisions\/6198"}],"wp:featuredmedia":[{"embeddable":true,"href":"https:\/\/schlosshalbturn.com\/en\/wp-json\/wp\/v2\/media\/2250"}],"wp:attachment":[{"href":"https:\/\/schlosshalbturn.com\/en\/wp-json\/wp\/v2\/media?parent=2494"}],"curies":[{"name":"wp","href":"https:\/\/api.w.org\/{rel}","templated":true}]}}