{"id":2541,"date":"2019-01-16T13:18:14","date_gmt":"2019-01-16T13:18:14","guid":{"rendered":"http:\/\/schlosshalbturn.com\/?page_id=2541"},"modified":"2026-03-20T07:40:30","modified_gmt":"2026-03-20T07:40:30","slug":"schlosskonzerte","status":"publish","type":"page","link":"https:\/\/schlosshalbturn.com\/en\/schlosskonzerte\/","title":{"rendered":"Concerts"},"content":{"rendered":"<div class=\"wp-block-image\">\n<figure class=\"aligncenter is-resized\"><span class=\"image-container wp-image-2718\"><img data-recalc-dims=\"1\" loading=\"lazy\" decoding=\"async\" width=\"640\" height=\"192\" src=\"https:\/\/i0.wp.com\/schlosshalbturn.com\/wp-content\/uploads\/2019\/07\/Zitat-Konzerte.-Englisch-psd.jpg?resize=640%2C192&#038;ssl=1\" alt=\"\" class=\"wp-image-2718\" style=\"width:1024px;height:307px\" srcset=\"https:\/\/i0.wp.com\/schlosshalbturn.com\/wp-content\/uploads\/2019\/07\/Zitat-Konzerte.-Englisch-psd.jpg?resize=1024%2C307&amp;ssl=1 1024w, https:\/\/i0.wp.com\/schlosshalbturn.com\/wp-content\/uploads\/2019\/07\/Zitat-Konzerte.-Englisch-psd.jpg?resize=300%2C90&amp;ssl=1 300w, https:\/\/i0.wp.com\/schlosshalbturn.com\/wp-content\/uploads\/2019\/07\/Zitat-Konzerte.-Englisch-psd.jpg?resize=768%2C230&amp;ssl=1 768w, https:\/\/i0.wp.com\/schlosshalbturn.com\/wp-content\/uploads\/2019\/07\/Zitat-Konzerte.-Englisch-psd.jpg?w=2000&amp;ssl=1 2000w, https:\/\/i0.wp.com\/schlosshalbturn.com\/wp-content\/uploads\/2019\/07\/Zitat-Konzerte.-Englisch-psd.jpg?w=1280&amp;ssl=1 1280w, https:\/\/i0.wp.com\/schlosshalbturn.com\/wp-content\/uploads\/2019\/07\/Zitat-Konzerte.-Englisch-psd.jpg?w=1920&amp;ssl=1 1920w\" sizes=\"auto, (max-width: 640px) 100vw, 640px\" \/><\/span><\/figure><\/div>\n\n<div class=\"wp-block-image\">\n<figure class=\"alignleft size-large is-resized\"><span class=\"image-container wp-image-7734\"><img data-recalc-dims=\"1\" loading=\"lazy\" decoding=\"async\" width=\"640\" height=\"784\" src=\"https:\/\/i0.wp.com\/schlosshalbturn.com\/wp-content\/uploads\/2025\/01\/EMM0272a_web.jpg?resize=640%2C784&#038;ssl=1\" alt=\"\" class=\"wp-image-7734\" style=\"aspect-ratio:0.666015625;width:323px\" srcset=\"https:\/\/i0.wp.com\/schlosshalbturn.com\/wp-content\/uploads\/2025\/01\/EMM0272a_web.jpg?resize=836%2C1024&amp;ssl=1 836w, https:\/\/i0.wp.com\/schlosshalbturn.com\/wp-content\/uploads\/2025\/01\/EMM0272a_web.jpg?resize=245%2C300&amp;ssl=1 245w, https:\/\/i0.wp.com\/schlosshalbturn.com\/wp-content\/uploads\/2025\/01\/EMM0272a_web.jpg?resize=768%2C941&amp;ssl=1 768w, https:\/\/i0.wp.com\/schlosshalbturn.com\/wp-content\/uploads\/2025\/01\/EMM0272a_web.jpg?resize=1253%2C1536&amp;ssl=1 1253w, https:\/\/i0.wp.com\/schlosshalbturn.com\/wp-content\/uploads\/2025\/01\/EMM0272a_web.jpg?w=1632&amp;ssl=1 1632w\" sizes=\"auto, (max-width: 640px) 100vw, 640px\" \/><\/span><\/figure><\/div>\n\n\n<p style=\"font-size:24px\"><strong>Halbturner Schlosskonzerte 2026<\/strong><\/p>\n\n\n\n<p>In 2026, the Halbturner Schlosskonzerte will once again invite you to embark on a musical journey through the world of classical music. Burgenland&#8217;s oldest concert series will captivate you with sophisticated musical delights, performed by outstanding national and international artists.<\/p>\n\n\n\n<p>This year, the concerts will take place in May, June and September and will be presented in the magical setting of the Fresco Hall in the main building and in the Maestoso Festival Hall &#8211; the former stables of the famous Lipizzaner horses.<\/p>\n\n\n\n<p>Experience the unique atmosphere of this event, which will delight you with first-class concerts, an impressive variety of genres and warm hospitality.<\/p>\n\n\n\n<p>For more information please visit:<br><a href=\"http:\/\/www.halbturner-schlosskonzerte.at\" target=\"_blank\" rel=\"noreferrer noopener\">www.halbturner-schlosskonzerte.at<\/a><\/p>\n","protected":false},"excerpt":{"rendered":"<p>Halbturner Schlosskonzerte 2026 In 2026, the Halbturner Schlosskonzerte will once again invite you to embark on a musical journey through the world of classical music. Burgenland&#8217;s oldest concert series will captivate you with sophisticated musical delights, performed by outstanding national and international artists. This year, the concerts will take place in May, June and September and will be presented in the magical setting of&#8230; <a class=\"read-more\" href=\"https:\/\/schlosshalbturn.com\/en\/schlosskonzerte\/\">Read More<\/a><\/p>\n","protected":false},"author":2,"featured_media":2250,"parent":0,"menu_order":0,"comment_status":"closed","ping_status":"closed","template":"template-full.php","meta":{"footnotes":""},"class_list":["post-2541","page","type-page","status-publish","has-post-thumbnail","hentry"],"yoast_head":"<!-- This site is optimized with the Yoast SEO plugin v27.3 - https:\/\/yoast.com\/product\/yoast-seo-wordpress\/ -->\n<title>Castle concerts | Musical art pleasures in the castle Halbturn<\/title>\n<meta name=\"description\" content=\"Castle concerts for music lovers! Enjoy musical masterpieces in a unique atmosphere. \u25ba Get further information now!\" \/>\n<meta name=\"robots\" content=\"index, follow, max-snippet:-1, max-image-preview:large, max-video-preview:-1\" \/>\n<link rel=\"canonical\" href=\"https:\/\/schlosshalbturn.com\/en\/schlosskonzerte\/\" \/>\n<meta property=\"og:locale\" content=\"en_US\" \/>\n<meta property=\"og:type\" content=\"article\" \/>\n<meta property=\"og:title\" content=\"Castle concerts | Musical art pleasures in the castle Halbturn\" \/>\n<meta property=\"og:description\" content=\"Castle concerts for music lovers! Enjoy musical masterpieces in a unique atmosphere. \u25ba Get further information now!\" \/>\n<meta property=\"og:url\" content=\"https:\/\/schlosshalbturn.com\/en\/schlosskonzerte\/\" \/>\n<meta property=\"og:site_name\" content=\"Schloss Halbturn\" \/>\n<meta property=\"article:modified_time\" content=\"2026-03-20T07:40:30+00:00\" \/>\n<meta property=\"og:image\" content=\"https:\/\/schlosshalbturn.com\/wp-content\/uploads\/2019\/01\/Header-1024x512.jpg\" \/>\n\t<meta property=\"og:image:width\" content=\"1024\" \/>\n\t<meta property=\"og:image:height\" content=\"512\" \/>\n\t<meta property=\"og:image:type\" content=\"image\/jpeg\" \/>\n<meta name=\"twitter:card\" content=\"summary_large_image\" \/>\n<meta name=\"twitter:label1\" content=\"Est. reading time\" \/>\n\t<meta name=\"twitter:data1\" content=\"2 minutes\" \/>\n<script type=\"application\/ld+json\" class=\"yoast-schema-graph\">{\"@context\":\"https:\\\/\\\/schema.org\",\"@graph\":[{\"@type\":\"WebPage\",\"@id\":\"https:\\\/\\\/schlosshalbturn.com\\\/en\\\/schlosskonzerte\\\/\",\"url\":\"https:\\\/\\\/schlosshalbturn.com\\\/en\\\/schlosskonzerte\\\/\",\"name\":\"Castle concerts | Musical art pleasures in the castle Halbturn\",\"isPartOf\":{\"@id\":\"https:\\\/\\\/schlosshalbturn.com\\\/#website\"},\"primaryImageOfPage\":{\"@id\":\"https:\\\/\\\/schlosshalbturn.com\\\/en\\\/schlosskonzerte\\\/#primaryimage\"},\"image\":{\"@id\":\"https:\\\/\\\/schlosshalbturn.com\\\/en\\\/schlosskonzerte\\\/#primaryimage\"},\"thumbnailUrl\":\"https:\\\/\\\/i0.wp.com\\\/schlosshalbturn.com\\\/wp-content\\\/uploads\\\/2019\\\/01\\\/Header.jpg?fit=3000%2C1500&ssl=1\",\"datePublished\":\"2019-01-16T13:18:14+00:00\",\"dateModified\":\"2026-03-20T07:40:30+00:00\",\"description\":\"Castle concerts for music lovers! Enjoy musical masterpieces in a unique atmosphere. \u25ba Get further information now!\",\"breadcrumb\":{\"@id\":\"https:\\\/\\\/schlosshalbturn.com\\\/en\\\/schlosskonzerte\\\/#breadcrumb\"},\"inLanguage\":\"en-US\",\"potentialAction\":[{\"@type\":\"ReadAction\",\"target\":[\"https:\\\/\\\/schlosshalbturn.com\\\/en\\\/schlosskonzerte\\\/\"]}]},{\"@type\":\"ImageObject\",\"inLanguage\":\"en-US\",\"@id\":\"https:\\\/\\\/schlosshalbturn.com\\\/en\\\/schlosskonzerte\\\/#primaryimage\",\"url\":\"https:\\\/\\\/i0.wp.com\\\/schlosshalbturn.com\\\/wp-content\\\/uploads\\\/2019\\\/01\\\/Header.jpg?fit=3000%2C1500&ssl=1\",\"contentUrl\":\"https:\\\/\\\/i0.wp.com\\\/schlosshalbturn.com\\\/wp-content\\\/uploads\\\/2019\\\/01\\\/Header.jpg?fit=3000%2C1500&ssl=1\",\"width\":3000,\"height\":1500},{\"@type\":\"BreadcrumbList\",\"@id\":\"https:\\\/\\\/schlosshalbturn.com\\\/en\\\/schlosskonzerte\\\/#breadcrumb\",\"itemListElement\":[{\"@type\":\"ListItem\",\"position\":1,\"name\":\"Startseite\",\"item\":\"https:\\\/\\\/schlosshalbturn.com\\\/en\\\/\"},{\"@type\":\"ListItem\",\"position\":2,\"name\":\"Concerts\"}]},{\"@type\":\"WebSite\",\"@id\":\"https:\\\/\\\/schlosshalbturn.com\\\/#website\",\"url\":\"https:\\\/\\\/schlosshalbturn.com\\\/\",\"name\":\"Schloss Halbturn\",\"description\":\"\",\"potentialAction\":[{\"@type\":\"SearchAction\",\"target\":{\"@type\":\"EntryPoint\",\"urlTemplate\":\"https:\\\/\\\/schlosshalbturn.com\\\/?s={search_term_string}\"},\"query-input\":{\"@type\":\"PropertyValueSpecification\",\"valueRequired\":true,\"valueName\":\"search_term_string\"}}],\"inLanguage\":\"en-US\"}]}<\/script>\n<!-- \/ Yoast SEO plugin. -->","yoast_head_json":{"title":"Castle concerts | Musical art pleasures in the castle Halbturn","description":"Castle concerts for music lovers! Enjoy musical masterpieces in a unique atmosphere. \u25ba Get further information now!","robots":{"index":"index","follow":"follow","max-snippet":"max-snippet:-1","max-image-preview":"max-image-preview:large","max-video-preview":"max-video-preview:-1"},"canonical":"https:\/\/schlosshalbturn.com\/en\/schlosskonzerte\/","og_locale":"en_US","og_type":"article","og_title":"Castle concerts | Musical art pleasures in the castle Halbturn","og_description":"Castle concerts for music lovers! Enjoy musical masterpieces in a unique atmosphere. \u25ba Get further information now!","og_url":"https:\/\/schlosshalbturn.com\/en\/schlosskonzerte\/","og_site_name":"Schloss Halbturn","article_modified_time":"2026-03-20T07:40:30+00:00","og_image":[{"width":1024,"height":512,"url":"https:\/\/schlosshalbturn.com\/wp-content\/uploads\/2019\/01\/Header-1024x512.jpg","type":"image\/jpeg"}],"twitter_card":"summary_large_image","twitter_misc":{"Est. reading time":"2 minutes"},"schema":{"@context":"https:\/\/schema.org","@graph":[{"@type":"WebPage","@id":"https:\/\/schlosshalbturn.com\/en\/schlosskonzerte\/","url":"https:\/\/schlosshalbturn.com\/en\/schlosskonzerte\/","name":"Castle concerts | Musical art pleasures in the castle Halbturn","isPartOf":{"@id":"https:\/\/schlosshalbturn.com\/#website"},"primaryImageOfPage":{"@id":"https:\/\/schlosshalbturn.com\/en\/schlosskonzerte\/#primaryimage"},"image":{"@id":"https:\/\/schlosshalbturn.com\/en\/schlosskonzerte\/#primaryimage"},"thumbnailUrl":"https:\/\/i0.wp.com\/schlosshalbturn.com\/wp-content\/uploads\/2019\/01\/Header.jpg?fit=3000%2C1500&ssl=1","datePublished":"2019-01-16T13:18:14+00:00","dateModified":"2026-03-20T07:40:30+00:00","description":"Castle concerts for music lovers! Enjoy musical masterpieces in a unique atmosphere. \u25ba Get further information now!","breadcrumb":{"@id":"https:\/\/schlosshalbturn.com\/en\/schlosskonzerte\/#breadcrumb"},"inLanguage":"en-US","potentialAction":[{"@type":"ReadAction","target":["https:\/\/schlosshalbturn.com\/en\/schlosskonzerte\/"]}]},{"@type":"ImageObject","inLanguage":"en-US","@id":"https:\/\/schlosshalbturn.com\/en\/schlosskonzerte\/#primaryimage","url":"https:\/\/i0.wp.com\/schlosshalbturn.com\/wp-content\/uploads\/2019\/01\/Header.jpg?fit=3000%2C1500&ssl=1","contentUrl":"https:\/\/i0.wp.com\/schlosshalbturn.com\/wp-content\/uploads\/2019\/01\/Header.jpg?fit=3000%2C1500&ssl=1","width":3000,"height":1500},{"@type":"BreadcrumbList","@id":"https:\/\/schlosshalbturn.com\/en\/schlosskonzerte\/#breadcrumb","itemListElement":[{"@type":"ListItem","position":1,"name":"Startseite","item":"https:\/\/schlosshalbturn.com\/en\/"},{"@type":"ListItem","position":2,"name":"Concerts"}]},{"@type":"WebSite","@id":"https:\/\/schlosshalbturn.com\/#website","url":"https:\/\/schlosshalbturn.com\/","name":"Schloss Halbturn","description":"","potentialAction":[{"@type":"SearchAction","target":{"@type":"EntryPoint","urlTemplate":"https:\/\/schlosshalbturn.com\/?s={search_term_string}"},"query-input":{"@type":"PropertyValueSpecification","valueRequired":true,"valueName":"search_term_string"}}],"inLanguage":"en-US"}]}},"jetpack_sharing_enabled":true,"jetpack_shortlink":"https:\/\/wp.me\/Pb6NRs-EZ","jetpack-related-posts":[{"id":45,"url":"https:\/\/schlosshalbturn.com\/schlosskonzerte\/","url_meta":{"origin":2541,"position":0},"title":"Schlosskonzerte","author":"Beatrix Lehner","date":"January 16, 2019","format":false,"excerpt":"Halbturner Schlosskonzerte 2026 Auch im Jahr 2026 laden die Halbturner Schlosskonzerte Sie ein, auf eine musikalische Reise durch die Welt der klassischen Musik zu gehen. Die \u00e4lteste Konzertreihe des Burgenlandes begeistert mit anspruchsvollen Musikgen\u00fcssen, dargeboten von herausragenden nationalen und internationalen K\u00fcnstlerinnen und K\u00fcnstlern. Die Konzerte finden dieses Jahr in den\u2026","rel":"","context":"Similar post","block_context":{"text":"Similar post","link":""},"img":{"alt_text":"","src":"https:\/\/i0.wp.com\/schlosshalbturn.com\/wp-content\/uploads\/2019\/01\/Header.jpg?fit=1200%2C600&ssl=1&resize=350%2C200","width":350,"height":200,"srcset":"https:\/\/i0.wp.com\/schlosshalbturn.com\/wp-content\/uploads\/2019\/01\/Header.jpg?fit=1200%2C600&ssl=1&resize=350%2C200 1x, https:\/\/i0.wp.com\/schlosshalbturn.com\/wp-content\/uploads\/2019\/01\/Header.jpg?fit=1200%2C600&ssl=1&resize=525%2C300 1.5x, https:\/\/i0.wp.com\/schlosshalbturn.com\/wp-content\/uploads\/2019\/01\/Header.jpg?fit=1200%2C600&ssl=1&resize=700%2C400 2x, https:\/\/i0.wp.com\/schlosshalbturn.com\/wp-content\/uploads\/2019\/01\/Header.jpg?fit=1200%2C600&ssl=1&resize=1050%2C600 3x"},"classes":[]},{"id":2543,"url":"https:\/\/schlosshalbturn.com\/en\/weihnachtsmarkt\/","url_meta":{"origin":2541,"position":1},"title":"Christmas Market","author":"Beatrix Lehner","date":"January 16, 2019","format":false,"excerpt":"Pannonian Christmas Market A celebration for the whole family with punch, delicacies and a festive program 4th\/5th\/6th December & 11th\/12th\/13th December 2026 from 1 p.m. to 7 p.m.Free Entry! On two weekends in Advent, the Christmas atmosphere will enchant the walls of the magnificent baroque castle and the sThe atmospheric\u2026","rel":"","context":"Similar post","block_context":{"text":"Similar post","link":""},"img":{"alt_text":"","src":"https:\/\/i0.wp.com\/schlosshalbturn.com\/wp-content\/uploads\/2019\/01\/Header.jpg?fit=1200%2C600&ssl=1&resize=350%2C200","width":350,"height":200,"srcset":"https:\/\/i0.wp.com\/schlosshalbturn.com\/wp-content\/uploads\/2019\/01\/Header.jpg?fit=1200%2C600&ssl=1&resize=350%2C200 1x, https:\/\/i0.wp.com\/schlosshalbturn.com\/wp-content\/uploads\/2019\/01\/Header.jpg?fit=1200%2C600&ssl=1&resize=525%2C300 1.5x, https:\/\/i0.wp.com\/schlosshalbturn.com\/wp-content\/uploads\/2019\/01\/Header.jpg?fit=1200%2C600&ssl=1&resize=700%2C400 2x, https:\/\/i0.wp.com\/schlosshalbturn.com\/wp-content\/uploads\/2019\/01\/Header.jpg?fit=1200%2C600&ssl=1&resize=1050%2C600 3x"},"classes":[]},{"id":2475,"url":"https:\/\/schlosshalbturn.com\/en\/mitglied-werden\/","url_meta":{"origin":2541,"position":2},"title":"Become a member&#8230;","author":"Beatrix Lehner","date":"May 16, 2019","format":false,"excerpt":"Membership in cultural association Schloss Halbturn In 1984, Marietheres Waldbott-Bassenheim founded the \"Kulturverein Schloss Halbturn\", which she has been the head of until her death in 2024. She managed to present memorable events to national and international audiences with the support of ambitious staff, culture-loving friends, members of the Cultural\u2026","rel":"","context":"Similar post","block_context":{"text":"Similar post","link":""},"img":{"alt_text":"","src":"https:\/\/i0.wp.com\/schlosshalbturn.com\/wp-content\/uploads\/2019\/01\/IMG_2176_neu.jpg?fit=1200%2C800&ssl=1&resize=350%2C200","width":350,"height":200,"srcset":"https:\/\/i0.wp.com\/schlosshalbturn.com\/wp-content\/uploads\/2019\/01\/IMG_2176_neu.jpg?fit=1200%2C800&ssl=1&resize=350%2C200 1x, https:\/\/i0.wp.com\/schlosshalbturn.com\/wp-content\/uploads\/2019\/01\/IMG_2176_neu.jpg?fit=1200%2C800&ssl=1&resize=525%2C300 1.5x, https:\/\/i0.wp.com\/schlosshalbturn.com\/wp-content\/uploads\/2019\/01\/IMG_2176_neu.jpg?fit=1200%2C800&ssl=1&resize=700%2C400 2x, https:\/\/i0.wp.com\/schlosshalbturn.com\/wp-content\/uploads\/2019\/01\/IMG_2176_neu.jpg?fit=1200%2C800&ssl=1&resize=1050%2C600 3x"},"classes":[]},{"id":2490,"url":"https:\/\/schlosshalbturn.com\/en\/saele-raeumlichkeiten\/","url_meta":{"origin":2541,"position":3},"title":"Halls &#038; Premises","author":"Beatrix Lehner","date":"January 16, 2019","format":false,"excerpt":"Freskensaal The Freskensaal with its baroque ambience and the famous ceiling fresco by Franz Anton Maulbertsch forms the heart of the castle. Whether weddings or corporate parties, the historic state hall gives every event a noble flair and is also used as a venue for concerts thanks to its excellent\u2026","rel":"","context":"Similar post","block_context":{"text":"Similar post","link":""},"img":{"alt_text":"","src":"https:\/\/i0.wp.com\/schlosshalbturn.com\/wp-content\/uploads\/2019\/01\/Header.jpg?fit=1200%2C600&ssl=1&resize=350%2C200","width":350,"height":200,"srcset":"https:\/\/i0.wp.com\/schlosshalbturn.com\/wp-content\/uploads\/2019\/01\/Header.jpg?fit=1200%2C600&ssl=1&resize=350%2C200 1x, https:\/\/i0.wp.com\/schlosshalbturn.com\/wp-content\/uploads\/2019\/01\/Header.jpg?fit=1200%2C600&ssl=1&resize=525%2C300 1.5x, https:\/\/i0.wp.com\/schlosshalbturn.com\/wp-content\/uploads\/2019\/01\/Header.jpg?fit=1200%2C600&ssl=1&resize=700%2C400 2x, https:\/\/i0.wp.com\/schlosshalbturn.com\/wp-content\/uploads\/2019\/01\/Header.jpg?fit=1200%2C600&ssl=1&resize=1050%2C600 3x"},"classes":[]},{"id":7102,"url":"https:\/\/schlosshalbturn.com\/flohmarkt\/","url_meta":{"origin":2541,"position":4},"title":"Flohmarkt","author":"Beatrix Lehner","date":"February 12, 2024","format":false,"excerpt":"Flohmarkt SA 09. Mai 2026 & SA 12. September 2026 | 9-13 Uhr Der schattige Schlosspark bietet den idealen Rahmen f\u00fcr einen entspannten Flohmarktbummel. Ob feine Vintage-Accessoires, antike Fundst\u00fccke, Second-Hand-Kleidung, B\u00fccher oder andere Sch\u00e4tze - ein einmaliges Erlebnis f\u00fcr Tr\u00f6del-Liebhaber.Der Flohmarkt findet nur bei Sch\u00f6nwetter statt! Standgeb\u00fchr \u20ac 25,00 pro\u2026","rel":"","context":"Similar post","block_context":{"text":"Similar post","link":""},"img":{"alt_text":"","src":"https:\/\/i0.wp.com\/schlosshalbturn.com\/wp-content\/uploads\/2019\/01\/Header.jpg?fit=1200%2C600&ssl=1&resize=350%2C200","width":350,"height":200,"srcset":"https:\/\/i0.wp.com\/schlosshalbturn.com\/wp-content\/uploads\/2019\/01\/Header.jpg?fit=1200%2C600&ssl=1&resize=350%2C200 1x, https:\/\/i0.wp.com\/schlosshalbturn.com\/wp-content\/uploads\/2019\/01\/Header.jpg?fit=1200%2C600&ssl=1&resize=525%2C300 1.5x, https:\/\/i0.wp.com\/schlosshalbturn.com\/wp-content\/uploads\/2019\/01\/Header.jpg?fit=1200%2C600&ssl=1&resize=700%2C400 2x, https:\/\/i0.wp.com\/schlosshalbturn.com\/wp-content\/uploads\/2019\/01\/Header.jpg?fit=1200%2C600&ssl=1&resize=1050%2C600 3x"},"classes":[]},{"id":2485,"url":"https:\/\/schlosshalbturn.com\/en\/besucherinformationen\/","url_meta":{"origin":2541,"position":5},"title":"Visitor Information","author":"Beatrix Lehner","date":"January 16, 2019","format":false,"excerpt":"Areal of Schloss Halbturn Opening hours ParkOpen all year around the clock LOVE & POWER \u2013 Behind the Scenes of the Congress of Vienna 1814\/1529th April \u2013 1st November 2026 TUE to SUN\/Public Holidays 10 a.m. \u2013 5p.m.(subject to change) How to find us Halbturn Castle is located in the\u2026","rel":"","context":"Similar post","block_context":{"text":"Similar post","link":""},"img":{"alt_text":"","src":"https:\/\/i0.wp.com\/schlosshalbturn.com\/wp-content\/uploads\/2019\/01\/Header.jpg?fit=1200%2C600&ssl=1&resize=350%2C200","width":350,"height":200,"srcset":"https:\/\/i0.wp.com\/schlosshalbturn.com\/wp-content\/uploads\/2019\/01\/Header.jpg?fit=1200%2C600&ssl=1&resize=350%2C200 1x, https:\/\/i0.wp.com\/schlosshalbturn.com\/wp-content\/uploads\/2019\/01\/Header.jpg?fit=1200%2C600&ssl=1&resize=525%2C300 1.5x, https:\/\/i0.wp.com\/schlosshalbturn.com\/wp-content\/uploads\/2019\/01\/Header.jpg?fit=1200%2C600&ssl=1&resize=700%2C400 2x, https:\/\/i0.wp.com\/schlosshalbturn.com\/wp-content\/uploads\/2019\/01\/Header.jpg?fit=1200%2C600&ssl=1&resize=1050%2C600 3x"},"classes":[]}],"_links":{"self":[{"href":"https:\/\/schlosshalbturn.com\/en\/wp-json\/wp\/v2\/pages\/2541","targetHints":{"allow":["GET"]}}],"collection":[{"href":"https:\/\/schlosshalbturn.com\/en\/wp-json\/wp\/v2\/pages"}],"about":[{"href":"https:\/\/schlosshalbturn.com\/en\/wp-json\/wp\/v2\/types\/page"}],"author":[{"embeddable":true,"href":"https:\/\/schlosshalbturn.com\/en\/wp-json\/wp\/v2\/users\/2"}],"replies":[{"embeddable":true,"href":"https:\/\/schlosshalbturn.com\/en\/wp-json\/wp\/v2\/comments?post=2541"}],"version-history":[{"count":16,"href":"https:\/\/schlosshalbturn.com\/en\/wp-json\/wp\/v2\/pages\/2541\/revisions"}],"predecessor-version":[{"id":8840,"href":"https:\/\/schlosshalbturn.com\/en\/wp-json\/wp\/v2\/pages\/2541\/revisions\/8840"}],"wp:featuredmedia":[{"embeddable":true,"href":"https:\/\/schlosshalbturn.com\/en\/wp-json\/wp\/v2\/media\/2250"}],"wp:attachment":[{"href":"https:\/\/schlosshalbturn.com\/en\/wp-json\/wp\/v2\/media?parent=2541"}],"curies":[{"name":"wp","href":"https:\/\/api.w.org\/{rel}","templated":true}]}}